{"id":8990,"date":"2016-06-08T10:11:27","date_gmt":"2016-06-08T07:11:27","guid":{"rendered":"http:\/\/nmu.ua\/?page_id=8990"},"modified":"2016-06-21T14:18:23","modified_gmt":"2016-06-21T11:18:23","slug":"osnovni-pershoryadni-tsili","status":"publish","type":"page","link":"https:\/\/nmuofficial.com\/en\/vipuskniku\/bolonskyj-protses\/osnovni-pershoryadni-tsili\/","title":{"rendered":"Goals and primary targets"},"content":{"rendered":"<p><\/p>\n<table class=\"ttab\" width=\"100%\" cellspacing=\"0\" cellpadding=\"0\">\n<tbody>\n<tr>\n<td width=\"45%\">Bologna Declaration,<br \/>\nPrague Communiqu\u00e9,<br \/>\nBerlin Conference,<br \/>\nBergen Communiqu\u00e9,<br \/>\nLondon Communiqu\u00e9,<\/td>\n<td width=\"54%\">1999 (30 countries)<br \/>\n2001 (33 countries)<br \/>\n2003 (40 countries)<br \/>\n2005 (45 countries, incl. Ukraine)<br \/>\n2007 (46 countries)<\/td>\n<\/tr>\n<\/tbody>\n<\/table>\n<ul>\n<li>single system of credits of workload, education as a tool to support students\u2019 mobility (ECTS);<\/li>\n<li>system of clear and compatible scientific degrees;<\/li>\n<li>system of training based on two educational degrees (Bachelor, Master);<\/li>\n<li>contribution to mobility of students, teachers, researchers and administrative personnel;<\/li>\n<li>development of European Cooperation in Quality Assurance, development of appropriate quality criteria and methods; and<\/li>\n<li>development, formation of European Higher Education Area until 2010<\/li>\n<\/ul>\n<p>The non-participating European countries as of 2007 : Byelorussia, Gibraltar, Monaco, San Marino and Channel Islands<\/p>\n<p><span style=\"color: #707070; font-family: Arial, Helvetica, sans-serif; font-size: 12px; line-height: normal;\">\u00a0<\/span><\/p>","protected":false},"excerpt":{"rendered":"<p>Bologna Declaration, Prague Communiqu\u00e9, Berlin Conference, Bergen Communiqu\u00e9, London Communiqu\u00e9, 1999 (30 countries) 2001 (33 countries) 2003 (40 countries) 2005 (45 countries, incl. Ukraine) 2007 (46 countries) single system of credits of workload, education as a tool to support students\u2019 mobility (ECTS); system of clear and compatible scientific degrees; system of training based on two [&hellip;]<\/p>\n","protected":false},"author":100,"featured_media":0,"parent":8987,"menu_order":1,"comment_status":"closed","ping_status":"closed","template":"","meta":{"inline_featured_image":false,"footnotes":""},"class_list":["post-8990","page","type-page","status-publish","hentry"],"_links":{"self":[{"href":"https:\/\/nmuofficial.com\/en\/wp-json\/wp\/v2\/pages\/8990","targetHints":{"allow":["GET"]}}],"collection":[{"href":"https:\/\/nmuofficial.com\/en\/wp-json\/wp\/v2\/pages"}],"about":[{"href":"https:\/\/nmuofficial.com\/en\/wp-json\/wp\/v2\/types\/page"}],"author":[{"embeddable":true,"href":"https:\/\/nmuofficial.com\/en\/wp-json\/wp\/v2\/users\/100"}],"replies":[{"embeddable":true,"href":"https:\/\/nmuofficial.com\/en\/wp-json\/wp\/v2\/comments?post=8990"}],"version-history":[{"count":0,"href":"https:\/\/nmuofficial.com\/en\/wp-json\/wp\/v2\/pages\/8990\/revisions"}],"up":[{"embeddable":true,"href":"https:\/\/nmuofficial.com\/en\/wp-json\/wp\/v2\/pages\/8987"}],"wp:attachment":[{"href":"https:\/\/nmuofficial.com\/en\/wp-json\/wp\/v2\/media?parent=8990"}],"curies":[{"name":"wp","href":"https:\/\/api.w.org\/{rel}","templated":true}]}}