{"id":7688,"date":"2016-04-13T13:18:23","date_gmt":"2016-04-13T13:18:23","guid":{"rendered":"http:\/\/nmu.ua\/mizhnarodne-spivrobitnitstvo-6\/"},"modified":"2024-10-08T12:54:39","modified_gmt":"2024-10-08T09:54:39","slug":"mizhnarodne-spivrobitnitstvo-6","status":"publish","type":"page","link":"https:\/\/nmuofficial.com\/en\/zagalni-vidomosti\/kafedri\/kafedra-anatomyy-cheloveka\/mizhnarodne-spivrobitnitstvo-6\/","title":{"rendered":"INTERNATIONAL COOPERATION"},"content":{"rendered":"<p>&nbsp;<\/p>\n<ul>\n<li>Responsible employee is Bezshtanko M.<\/li>\n<\/ul>\n<p>NikyB@ukr.net\u00a0\u00a0 Phone 0674178949<\/p>\n<ul>\n<li>Participation in international conferences of employees of the department<\/li>\n<\/ul>\n<table style=\"width: 65.864%;\" border=\"1\" width=\"100%\" cellspacing=\"0\" cellpadding=\"0\" class=\"mtr-table mtr-tr-td\">\n<tbody>\n<tr>\n<td width=\"4%\" data-mtr-content=\"\u2116\" class=\"mtr-td-tag\"><div class=\"mtr-cell-content\"><strong>\u2116<\/strong><\/div><\/td>\n<td width=\"24%\" data-mtr-content=\"Name\" class=\"mtr-td-tag\"><div class=\"mtr-cell-content\"><strong>Name<\/strong><\/div><\/td>\n<td width=\"20%\" data-mtr-content=\"Event\" class=\"mtr-td-tag\"><div class=\"mtr-cell-content\"><strong>Event<\/strong><\/div><\/td>\n<td width=\"13%\" data-mtr-content=\"Country\" class=\"mtr-td-tag\"><div class=\"mtr-cell-content\"><strong>Country<\/strong><\/div><\/td>\n<td width=\"34%\" data-mtr-content=\"Form of membership\" class=\"mtr-td-tag\"><div class=\"mtr-cell-content\"><strong>Form <\/strong><strong>of membership<\/strong><\/div><\/td>\n<td width=\"2%\" data-mtr-content=\"\" class=\"mtr-td-tag\"><div class=\"mtr-cell-content\"><\/div><\/td>\n<\/tr>\n<tr>\n<td width=\"4%\" data-mtr-content=\"\u2116\" class=\"mtr-td-tag\"><div class=\"mtr-cell-content\">1<\/div><\/td>\n<td width=\"24%\" data-mtr-content=\"Name\" class=\"mtr-td-tag\"><div class=\"mtr-cell-content\">I.Dzevulska\n<p>\u00a0<\/p><\/div><\/td>\n<td width=\"20%\" data-mtr-content=\"Event\" class=\"mtr-td-tag\"><div class=\"mtr-cell-content\">Scientific and pedagogic internship \u00abMedical education as a component of the 1education system in Ukrain\u0435 and EU countries\u00bb<\/div><\/td>\n<td width=\"13%\" data-mtr-content=\"Country\" class=\"mtr-td-tag\"><div class=\"mtr-cell-content\">Republic of Poland.\n<p>March 25- April 5, 2019. Wl\u043eclawek,<\/p><\/div><\/td>\n<td width=\"34%\" data-mtr-content=\"Form of membership\" class=\"mtr-td-tag\"><div class=\"mtr-cell-content\">Scientific and pedagogic internship \u00abMedical education as a component of the 1education system in Ukrain\u0435 and EU countries\u00bb : Intenship proceedings, March 25- April 5, 2019. Wl\u043eclawek, Republic of Poland.104 pages.(Pages 39\u201342)<\/div><\/td>\n<td width=\"2%\" data-mtr-content=\"\" class=\"mtr-td-tag\"><div class=\"mtr-cell-content\"><\/div><\/td>\n<\/tr>\n<tr>\n<td width=\"4%\" data-mtr-content=\"\u2116\" class=\"mtr-td-tag\"><div class=\"mtr-cell-content\">2<\/div><\/td>\n<td width=\"24%\" data-mtr-content=\"Name\" class=\"mtr-td-tag\"><div class=\"mtr-cell-content\">\u00a0\n<p>R. Kaminskiy<\/p><\/div><\/td>\n<td width=\"20%\" data-mtr-content=\"Event\" class=\"mtr-td-tag\"><div class=\"mtr-cell-content\">International symposium of clinical and applied anatomy<\/div><\/td>\n<td width=\"13%\" data-mtr-content=\"Country\" class=\"mtr-td-tag\"><div class=\"mtr-cell-content\">9-12.09.2017. Tyrol, Austria<\/div><\/td>\n<td width=\"34%\" data-mtr-content=\"Form of membership\" class=\"mtr-td-tag\"><div class=\"mtr-cell-content\">L. Sokurenko, V. Litus, Y. Chaikovskiy, \u041a\u0430\u043c\u0456\u043d\u0441\u044c\u043a\u0438\u0439 \u0420.\u0424.\n<p>Subchronic influence of mercury (II) chloride small doses on rats regulatory systems International symposium of clinical and applied anatomy 9-12.09.2017. Tyrol, Austria<\/p><\/div><\/td>\n<td width=\"2%\" data-mtr-content=\"\" class=\"mtr-td-tag\"><div class=\"mtr-cell-content\"><\/div><\/td>\n<\/tr>\n<tr>\n<td width=\"4%\" data-mtr-content=\"\u2116\" class=\"mtr-td-tag\"><div class=\"mtr-cell-content\">3<\/div><\/td>\n<td width=\"24%\" data-mtr-content=\"Name\" class=\"mtr-td-tag\"><div class=\"mtr-cell-content\">I.Dzevulska\n<p>O. Malikov.<\/p><\/div><\/td>\n<td width=\"20%\" data-mtr-content=\"Event\" class=\"mtr-td-tag\"><div class=\"mtr-cell-content\">Medical education as a component of the education system in Ukrain\u0435 and EU countries\u00bb:<\/div><\/td>\n<td width=\"13%\" data-mtr-content=\"Country\" class=\"mtr-td-tag\"><div class=\"mtr-cell-content\">March 25- April 5, 2019. Wl\u043eclawek,\n<p>Republic of Poland.<\/p><\/div><\/td>\n<td width=\"34%\" data-mtr-content=\"Form of membership\" class=\"mtr-td-tag\"><div class=\"mtr-cell-content\">Scientific and pedagogic internship \u00abMedical education as a component of the education system in Ukrain\u0435 and EU countries\u00bb: Intenship proceedings, March 25- April 5, 2019. Wl\u043eclawek, Republic of Poland.104 pages.(Pages 36\u201339)<\/div><\/td>\n<td width=\"2%\" data-mtr-content=\"\" class=\"mtr-td-tag\"><div class=\"mtr-cell-content\"><\/div><\/td>\n<\/tr>\n<tr>\n<td width=\"4%\" data-mtr-content=\"\u2116\" class=\"mtr-td-tag\"><div class=\"mtr-cell-content\">4<\/div><\/td>\n<td width=\"24%\" data-mtr-content=\"Name\" class=\"mtr-td-tag\"><div class=\"mtr-cell-content\">R. Kaminskiy.<\/div><\/td>\n<td width=\"20%\" data-mtr-content=\"Event\" class=\"mtr-td-tag\"><div class=\"mtr-cell-content\">\u00abMedical education as a component of the education system in Ukrain\u0435 and EU countries\u00bb:<\/div><\/td>\n<td width=\"13%\" data-mtr-content=\"Country\" class=\"mtr-td-tag\"><div class=\"mtr-cell-content\">March 25- April 5, 2019. Wl\u043eclawek, Republic of Poland.<\/div><\/td>\n<td width=\"34%\" data-mtr-content=\"Form of membership\" class=\"mtr-td-tag\"><div class=\"mtr-cell-content\">Scientific and pedagogic internship \u00abMedical education as a component of the education system in Ukrain\u0435 and EU countries\u00bb: Intenship proceedings, March 25- April 5, 2019. Wl\u043eclawek, Republic of Poland.104 pages.(Pages 49\u201351)<\/div><\/td>\n<td width=\"2%\" data-mtr-content=\"\" class=\"mtr-td-tag\"><div class=\"mtr-cell-content\"><\/div><\/td>\n<\/tr>\n<tr>\n<td width=\"4%\" data-mtr-content=\"\u2116\" class=\"mtr-td-tag\"><div class=\"mtr-cell-content\"><\/div><\/td>\n<td width=\"24%\" data-mtr-content=\"Name\" class=\"mtr-td-tag\"><div class=\"mtr-cell-content\">Y\/ Kuzmenko,\n<p>V. Prymachenko<\/p>\n<p>\u00a0<\/p><\/div><\/td>\n<td width=\"20%\" data-mtr-content=\"Event\" class=\"mtr-td-tag\"><div class=\"mtr-cell-content\"><\/div><\/td>\n<td width=\"13%\" data-mtr-content=\"Country\" class=\"mtr-td-tag\"><div class=\"mtr-cell-content\"><\/div><\/td>\n<td width=\"34%\" data-mtr-content=\"Form of membership\" class=\"mtr-td-tag\"><div class=\"mtr-cell-content\">Scientific and pedagogic internship \u00abMedical education as a component of the education system in Ukrain\u0435 and EU countries\u00bb : Intenship proceedings, March 25- April 5, 2019. Wl\u043eclawek, Republic of Poland.104 pages.(Pages 65\u201367)<\/div><\/td>\n<td width=\"2%\" data-mtr-content=\"\" class=\"mtr-td-tag\"><div class=\"mtr-cell-content\"><\/div><\/td>\n<\/tr>\n<tr>\n<td width=\"4%\" data-mtr-content=\"\u2116\" class=\"mtr-td-tag\"><div class=\"mtr-cell-content\"><\/div><\/td>\n<td width=\"24%\" data-mtr-content=\"Name\" class=\"mtr-td-tag\"><div class=\"mtr-cell-content\">V\/ Tytarenko\n<p>\u00a0<\/p><\/div><\/td>\n<td width=\"20%\" data-mtr-content=\"Event\" class=\"mtr-td-tag\"><div class=\"mtr-cell-content\">\u00abMedicaleducationasacomponentoftheeducationsysteminUkrain\u0435 andEUcountries\u00bb<\/div><\/td>\n<td width=\"13%\" data-mtr-content=\"Country\" class=\"mtr-td-tag\"><div class=\"mtr-cell-content\">March 25- April 5, 2019. Wl\u043eclawek, Republic of Poland.<\/div><\/td>\n<td width=\"34%\" data-mtr-content=\"Form of membership\" class=\"mtr-td-tag\"><div class=\"mtr-cell-content\">Scientificandpedagogicinternship \u00abMedicaleducationasacomponentoftheeducationsysteminUkrain\u0435 andEUcountries\u00bb: Intenshipproceedings, March 25- April 5, 2019. Wl\u043eclawek, Republic of Poland.104 pages.(Pages 87\u201390)<\/div><\/td>\n<td width=\"2%\" data-mtr-content=\"\" class=\"mtr-td-tag\"><div class=\"mtr-cell-content\"><\/div><\/td>\n<\/tr>\n<tr>\n<td width=\"4%\" data-mtr-content=\"\u2116\" class=\"mtr-td-tag\"><div class=\"mtr-cell-content\"><\/div><\/td>\n<td width=\"24%\" data-mtr-content=\"Name\" class=\"mtr-td-tag\"><div class=\"mtr-cell-content\">I.Dzevulska\n<p>O. Malikov<\/p><\/div><\/td>\n<td width=\"20%\" data-mtr-content=\"Event\" class=\"mtr-td-tag\"><div class=\"mtr-cell-content\"><\/div><\/td>\n<td width=\"13%\" data-mtr-content=\"Country\" class=\"mtr-td-tag\"><div class=\"mtr-cell-content\">\u043c.\u041a\u0438\u0457\u0432,\n<p>11 \u0447\u0435\u0440\u0432\u043d\u044f 2019 \u0440\u043e\u043a\u0443.<\/p><\/div><\/td>\n<td width=\"34%\" data-mtr-content=\"Form of membership\" class=\"mtr-td-tag\"><div class=\"mtr-cell-content\">\u00a0\u00ab\u0420\u0435\u043b\u0456\u0433\u0456\u044f \u0442\u0430 \u043c\u0435\u0434\u0438\u0446\u0438\u043d\u0430, \u043f\u0440\u0438\u0441\u0432\u044f\u0447\u0435\u043d\u0430 \u043f\u0430\u043c\u2019\u044f\u0442\u0456 \u0441\u0432\u043e\u044e \u041b\u0443\u043a\u0438 (\u0412.\u0424.\u0412\u043e\u0439\u043d\u043e-\u042f\u0441\u0435\u043d\u0435\u0446\u044c\u043a\u043e\u0433\u043e): \u043c\u0430\u0442\u0435\u0440\u0456\u0430\u043b\u0438 \u043c\u0456\u0436\u043d\u0430\u0440\u043e\u0434\u043d\u043e\u0457 \u043d\u0430\u0443\u043a\u043e\u0432\u043e-\u043f\u0440\u0430\u043a\u0442\u0438\u0447\u043d\u043e\u0457 \u043a\u043e\u043d\u0444\u0435\u0440\u0435\u043d\u0446\u0456\u0457 (\u043c.\u041a\u0438\u0457\u0432, 11 \u0447\u0435\u0440\u0432\u043d\u044f 2019 \u0440\u043e\u043a\u0443).<\/div><\/td>\n<td width=\"2%\" data-mtr-content=\"\" class=\"mtr-td-tag\"><div class=\"mtr-cell-content\"><\/div><\/td>\n<\/tr>\n<tr>\n<td width=\"4%\" data-mtr-content=\"\u2116\" class=\"mtr-td-tag\"><div class=\"mtr-cell-content\"><\/div><\/td>\n<td width=\"24%\" data-mtr-content=\"Name\" class=\"mtr-td-tag\"><div class=\"mtr-cell-content\">A. Synitska\n<p>L.Ostapuk<\/p>\n<p>I.Dzevulska<\/p>\n<p>I.Tymoshenko<\/p><\/div><\/td>\n<td width=\"20%\" data-mtr-content=\"Event\" class=\"mtr-td-tag\"><div class=\"mtr-cell-content\">\u00ab\u0410\u043a\u0442\u0443\u0430\u043b\u044c\u043d\u0456 \u043f\u0438\u0442\u0430\u043d\u043d\u044f \u043b\u0456\u043d\u0433\u0432\u0456\u0441\u0442\u0438\u043a\u0438, \u043f\u0440\u043e\u0444\u0435\u0441\u0456\u0439\u043d\u043e\u0457 \u043b\u0456\u043d\u0433\u0432\u043e\u0434\u0438\u0434\u0430\u043a\u0442\u0438\u043a\u0438, \u043f\u0441\u0438\u0445\u043e\u043b\u043e\u0433\u0456\u0457 \u0456 \u043f\u0435\u0434\u0430\u0433\u043e\u0433\u0456\u043a\u0438 \u0432\u0438\u0449\u043e\u0457 \u0448\u043a\u043e\u043b\u0438\u00bb\n<p>III \u041c\u0456\u0436\u043d\u0430\u0440\u043e\u0434\u043d\u0430 \u043d\u0430\u0443\u043a\u043e\u0432\u043e-\u043f\u0440\u0430\u043a\u0442\u0438\u0447\u043d\u0430 \u043a\u043e\u043d\u0444\u0435\u0440\u0435\u043d\u0446\u0456\u044f<\/p><\/div><\/td>\n<td width=\"13%\" data-mtr-content=\"Country\" class=\"mtr-td-tag\"><div class=\"mtr-cell-content\">31 \u0442\u0440\u0430\u0432\u043d\u044f \u2013 01 \u0447\u0435\u0440\u0432\u043d\u044f 2018 \u0440\u0456\u043a,\n<p>\u043c. \u041f\u043e\u043b\u0442\u0430\u0432\u0430<\/p><\/div><\/td>\n<td width=\"34%\" data-mtr-content=\"Form of membership\" class=\"mtr-td-tag\"><div class=\"mtr-cell-content\">\u00ab\u0410\u043a\u0442\u0443\u0430\u043b\u044c\u043d\u0456 \u043f\u0438\u0442\u0430\u043d\u043d\u044f \u043b\u0456\u043d\u0433\u0432\u0456\u0441\u0442\u0438\u043a\u0438, \u043f\u0440\u043e\u0444\u0435\u0441\u0456\u0439\u043d\u043e\u0457 \u043b\u0456\u043d\u0433\u0432\u043e\u0434\u0438\u0434\u0430\u043a\u0442\u0438\u043a\u0438, \u043f\u0441\u0438\u0445\u043e\u043b\u043e\u0433\u0456\u0457 \u0456 \u043f\u0435\u0434\u0430\u0433\u043e\u0433\u0456\u043a\u0438 \u0432\u0438\u0449\u043e\u0457 \u0448\u043a\u043e\u043b\u0438\u00bb\n<p>III \u041c\u0456\u0436\u043d\u0430\u0440\u043e\u0434\u043d\u0430 \u043d\u0430\u0443\u043a\u043e\u0432\u043e-\u043f\u0440\u0430\u043a\u0442\u0438\u0447\u043d\u0430 \u043a\u043e\u043d\u0444\u0435\u0440\u0435\u043d\u0446\u0456\u044f, 31 \u0442\u0440\u0430\u0432\u043d\u044f \u2013 01 \u0447\u0435\u0440\u0432\u043d\u044f 2018 \u0440\u0456\u043a,<\/p>\n<p>\u043c. \u041f\u043e\u043b\u0442\u0430\u0432\u0430<\/p><\/div><\/td>\n<td width=\"2%\" data-mtr-content=\"\" class=\"mtr-td-tag\"><div class=\"mtr-cell-content\"><\/div><\/td>\n<\/tr>\n<tr>\n<td width=\"4%\" data-mtr-content=\"\u2116\" class=\"mtr-td-tag\"><div class=\"mtr-cell-content\"><\/div><\/td>\n<td width=\"24%\" data-mtr-content=\"Name\" class=\"mtr-td-tag\"><div class=\"mtr-cell-content\">Mikola Bezshtanko,\n<p>Iryna Dzevulska,<\/p>\n<p>Rostyslav Kaminsky,<\/p>\n<p>Tetyana Lachtadyr,<\/p>\n<p>Irina Lipatnikova,<\/p>\n<p>Ruzhena Matkivska,<\/p>\n<p>Valentyna Prymachenko,<\/p>\n<p>Alla Synytska,<\/p>\n<p>Irina Tymoshenko,<\/p>\n<p>Valentyn Tytarenko<\/p><\/div><\/td>\n<td width=\"20%\" data-mtr-content=\"Event\" class=\"mtr-td-tag\"><div class=\"mtr-cell-content\">In the international Congress of Anatomia Clinica (EACA 2019) held in Madrid, Spain, in June from 24<sup>th<\/sup> to 26<sup>THth<\/sup>, 2019, \u0420 159<\/div><\/td>\n<td width=\"13%\" data-mtr-content=\"Country\" class=\"mtr-td-tag\"><div class=\"mtr-cell-content\">Madrid, Spain, in June from 24<sup>th<\/sup> to 26<sup>THth<\/sup>, 2019,<\/div><\/td>\n<td width=\"34%\" data-mtr-content=\"Form of membership\" class=\"mtr-td-tag\"><div class=\"mtr-cell-content\">History of museum in Humen Anatomy and Histology and Embryology department of National medical university<\/div><\/td>\n<td width=\"2%\" data-mtr-content=\"\" class=\"mtr-td-tag\"><div class=\"mtr-cell-content\"><\/div><\/td>\n<\/tr>\n<\/tbody>\n<\/table>\n<ul>\n<li>Employee internships<\/li>\n<\/ul>\n<p>Dzevulska IV, (March 25 &#8211; October 5, 2019). Medical education as an integral part of the education system of Ukraine and EU countries): 5 credits, 180 hours<\/p>\n<p>Kuyavian University in Wloclawek, Republic of Poland (March 25 &#8211; October 5, 2019). remote form<\/p>\n<p>Dzevulska IV Passed a foreign internship in human anatomy in 2018 in the amount of 108 hours<\/p>\n<p>(Pavel Josef \u0160af\u00e1rik University, Faculty of Medicine, Louis Pasteur Hospital, Ko\u0161ice, Slovakia). November 24, December 1, 2018. Certificate \u2116 032 dated December 1, 2018<\/p>\n<p>Dzevulska I.V. PKV Diploma of the IV International Medical Congress &#8220;Implementation of modern achievements of medical science in the practice of health care in Ukraine&#8221; April 15-17, 2015 with the support of the President of Ukraine.<\/p>\n<p>April 15-17, 2015<\/p>\n<p>Kuzmenko Y.Y. (March 25 &#8211; October 5, 2019). Medical education as an integral part of the education system of Ukraine and EU countries): 5 credits, 180 hours<\/p>\n<p>Kuyavian University in Wloclawek, Republic of Poland (March 25 &#8211; October 5, 2019). Medical education as an integral part of the education system of Ukraine and EU countries): 5 credits, 180 hours<\/p>\n<p>(March 25 &#8211; October 5, 2019). remote form<\/p>\n<p>Titarenko V.M. (March 25 &#8211; October 5, 2019). Medical education as an integral part of the education system of Ukraine and EU countries): 5 credits, 180 hours<\/p>\n<p>Kuyavian University in Wloclawek, Republic of Poland (March 25 &#8211; October 5, 2019). remote form<\/p>\n<p>Malikov O.V. (March 25 &#8211; October 5, 2019). Medical education as an integral part of the education system of Ukraine and EU countries): 5 credits, 180 hours<\/p>\n<p>Kuyavian University in Wloclawek, Republic of Poland (March 25 &#8211; October 5, 2019). remote form<\/p>\n<p>Primachenko VI (March 25 &#8211; October 5, 2019). Medical education as an integral part of the education system of Ukraine and EU countries): 5 credits, 180 hours<\/p>\n<p>Kuyavian University in Wloclawek, Republic of Poland (March 25 &#8211; October 5, 2019). remote form<\/p>\n<p>Kaminsky R.F. Medical University of Warsaw at Department of Descriptive and Clinical Anatomy<\/p>\n<p>Intershipped (40 hour program) in Medical University of Warsaw At Department of Descriptive and Clinical Anatomy from 01 up till 05 April 2019<\/p>\n<p>from 01 up to 05 April 2019<\/p>\n<p>Kaminsky R.F. Kuyavian University in Wloclawek March 25 &#8211; April 5, 2019<\/p>\n<p>Medical education as an integral part of the education system of Ukraine and the EU Kuyavian University in Wloclawek March 25 &#8211; April 5, 2019<\/p>\n<p>March 25 &#8211; April 5, 2019<\/p>\n<p>Kaminsky R.F. Institute of Cardiology<\/p>\n<ol>\n<li>Prymasa Tysi\u0105clecia Stefana Kardyna\u0142a Wyszy\u0144skiego, Warsaw,<\/li>\n<\/ol>\n<p>Certificate of participants in the \u201cINTERNATIONAL TRAILS\u201d Project of the Institute of Cardiology<\/p>\n<ol>\n<li>Prymasa Tysi\u0105clecia Stefan Kardyna\u0142a Wyszy\u0144skiego, Warsaw, 12\/3\/2018 &#8211; 12\/14\/2018<\/li>\n<\/ol>\n<p>12\/3\/2018 &#8211; 12\/14\/2018<\/p>\n<p>Lakhtadir T.V. 3 The annual Conference Technology transver innovative solutrions in medicine 30 October 2019 Certificate of participation 30 October 2019, remote form<\/p>\n<ul>\n<li>Representation in associations<\/li>\n<\/ul>\n<p>Cherkasov V.G. International Academy of Integrative Anthropology<\/p>\n<p>Academician 2018-2019<\/p>","protected":false},"excerpt":{"rendered":"<p>&nbsp; Responsible employee is Bezshtanko M. NikyB@ukr.net\u00a0\u00a0 Phone 0674178949 Participation in international conferences of employees of the department \u2116 Name Event Country Form of membership 1 I.Dzevulska \u00a0 Scientific and pedagogic internship \u00abMedical education as a component of the 1education system in Ukrain\u0435 and EU countries\u00bb Republic of Poland. March 25- April 5, 2019. Wl\u043eclawek, [&hellip;]<\/p>\n","protected":false},"author":8,"featured_media":0,"parent":10056,"menu_order":80,"comment_status":"closed","ping_status":"closed","template":"","meta":{"inline_featured_image":false,"footnotes":""},"class_list":["post-7688","page","type-page","status-publish","hentry"],"_links":{"self":[{"href":"https:\/\/nmuofficial.com\/en\/wp-json\/wp\/v2\/pages\/7688","targetHints":{"allow":["GET"]}}],"collection":[{"href":"https:\/\/nmuofficial.com\/en\/wp-json\/wp\/v2\/pages"}],"about":[{"href":"https:\/\/nmuofficial.com\/en\/wp-json\/wp\/v2\/types\/page"}],"author":[{"embeddable":true,"href":"https:\/\/nmuofficial.com\/en\/wp-json\/wp\/v2\/users\/8"}],"replies":[{"embeddable":true,"href":"https:\/\/nmuofficial.com\/en\/wp-json\/wp\/v2\/comments?post=7688"}],"version-history":[{"count":4,"href":"https:\/\/nmuofficial.com\/en\/wp-json\/wp\/v2\/pages\/7688\/revisions"}],"predecessor-version":[{"id":191488,"href":"https:\/\/nmuofficial.com\/en\/wp-json\/wp\/v2\/pages\/7688\/revisions\/191488"}],"up":[{"embeddable":true,"href":"https:\/\/nmuofficial.com\/en\/wp-json\/wp\/v2\/pages\/10056"}],"wp:attachment":[{"href":"https:\/\/nmuofficial.com\/en\/wp-json\/wp\/v2\/media?parent=7688"}],"curies":[{"name":"wp","href":"https:\/\/api.w.org\/{rel}","templated":true}]}}