{"id":57919,"date":"2018-03-27T16:15:55","date_gmt":"2018-03-27T13:15:55","guid":{"rendered":"http:\/\/nmu.ua\/?page_id=57919"},"modified":"2024-09-20T14:40:54","modified_gmt":"2024-09-20T11:40:54","slug":"international-cooperation","status":"publish","type":"page","link":"https:\/\/nmuofficial.com\/en\/zagalni-vidomosti\/kafedri\/kafedra-psyhiatriyi-ta-narkologiyi\/international-cooperation\/","title":{"rendered":"International cooperation"},"content":{"rendered":"<p>&nbsp;<\/p>\n<p>International cooperation<\/p>\n<p>Responsible staff: <strong>Zhyvaho Khrystyna S.<\/strong>, 063-5734139<\/p>\n<p>&nbsp;<\/p>\n<p><strong>Participation in international congresses:<\/strong><\/p>\n<p>&#8211; Martsenkovsky D.I., postgraduate student of the department. 32ND ECNP Congress. Denmark, Copenhagen, 7-10 September, 2019 (Poster presentation in English)<\/p>\n<p>&#8211; ZhyvahoKh.S., professor assistant. 27th European Congress of Psychiatry. Warsaw, Poland, 6-9 April 2019. (Poster presentation in English)<\/p>\n<p>&nbsp;<\/p>\n<p><strong>Employee internships:<\/strong><\/p>\n<p>&#8211; Martsenkovsky D.I., postgraduate student of the department. 10th International Summer Course in Research Methodology and Ethics in Medicine. Turkey, Istanbul, Koc University School of Medicine. 17-28.06.2019<\/p>\n<p>&#8211; Bedlinsky V.A., postgraduate student of the department. Internship at the Psychotherapy and Psychosomatics Clinic in Siegmaringen (Germany). Akademisches Lehrkrankenhaus der Universit\u00e4t T\u00fcbingen (Siegmaringen, Germany), SRH Kliniken Landkreis Sigmaringen GmbH, Klinik f\u00fcr Psychiatrie, Psychotherapie und Psychosomatik. 06.05-31.12.2019<\/p>\n<p>&nbsp;<\/p>\n<p><strong>Representation in associations:<\/strong><\/p>\n<p>&#8211; Napryeyenko O.K. Member of the Board of the International Society of Emergency (Extreme) Psychiatry From 1998 to the present<\/p>\n<p>&#8211; Seliukov G.I. Member of the European Antiepileptic League From 07.2002 to the present<\/p>\n<p>&nbsp;<\/p>\n<p>&nbsp;<\/p>\n<p>&nbsp;<\/p>\n<p>&nbsp;<\/p>\n<p>&nbsp;<\/p>\n<p>&nbsp;<\/p>","protected":false},"excerpt":{"rendered":"<p>&nbsp; International cooperation Responsible staff: Zhyvaho Khrystyna S., 063-5734139 &nbsp; Participation in international congresses: &#8211; Martsenkovsky D.I., postgraduate student of the department. 32ND ECNP Congress. Denmark, Copenhagen, 7-10 September, 2019 (Poster presentation in English) &#8211; ZhyvahoKh.S., professor assistant. 27th European Congress of Psychiatry. Warsaw, Poland, 6-9 April 2019. (Poster presentation in English) &nbsp; Employee internships: [&hellip;]<\/p>\n","protected":false},"author":100,"featured_media":0,"parent":10412,"menu_order":80,"comment_status":"closed","ping_status":"closed","template":"","meta":{"inline_featured_image":false,"footnotes":""},"class_list":["post-57919","page","type-page","status-publish","hentry"],"_links":{"self":[{"href":"https:\/\/nmuofficial.com\/en\/wp-json\/wp\/v2\/pages\/57919","targetHints":{"allow":["GET"]}}],"collection":[{"href":"https:\/\/nmuofficial.com\/en\/wp-json\/wp\/v2\/pages"}],"about":[{"href":"https:\/\/nmuofficial.com\/en\/wp-json\/wp\/v2\/types\/page"}],"author":[{"embeddable":true,"href":"https:\/\/nmuofficial.com\/en\/wp-json\/wp\/v2\/users\/100"}],"replies":[{"embeddable":true,"href":"https:\/\/nmuofficial.com\/en\/wp-json\/wp\/v2\/comments?post=57919"}],"version-history":[{"count":6,"href":"https:\/\/nmuofficial.com\/en\/wp-json\/wp\/v2\/pages\/57919\/revisions"}],"predecessor-version":[{"id":189609,"href":"https:\/\/nmuofficial.com\/en\/wp-json\/wp\/v2\/pages\/57919\/revisions\/189609"}],"up":[{"embeddable":true,"href":"https:\/\/nmuofficial.com\/en\/wp-json\/wp\/v2\/pages\/10412"}],"wp:attachment":[{"href":"https:\/\/nmuofficial.com\/en\/wp-json\/wp\/v2\/media?parent=57919"}],"curies":[{"name":"wp","href":"https:\/\/api.w.org\/{rel}","templated":true}]}}