{"id":218216,"date":"2026-01-29T11:39:16","date_gmt":"2026-01-29T08:39:16","guid":{"rendered":"https:\/\/nmuofficial.com\/?page_id=218216"},"modified":"2026-03-25T11:05:49","modified_gmt":"2026-03-25T08:05:49","slug":"mizhnarodne-spivrobitnytstvo","status":"publish","type":"page","link":"https:\/\/nmuofficial.com\/en\/zagalni-vidomosti\/kafedri\/kafedra-vnutrennej-medytsyny-1\/mizhnarodne-spivrobitnytstvo\/","title":{"rendered":"International cooperation"},"content":{"rendered":"<p>Responsible staff member:<\/p>\n<p>Associate Professor Motsak Tetiana Mykhaylivna, PhD (Candidate of Medical Sciences).<\/p>\n<p>&nbsp;<\/p>\n<h3>Participation in International Educational and Scientific Events<\/h3>\n<p>The department staff regularly obtain <strong>CME (Continuing Medical Education) credits<\/strong> through participation in international scientific and educational events. In <strong>2023<\/strong>, staff members took part in the following international conferences and educational programs, among others:<\/p>\n<ul>\n<li><em>\u201cManagement of the Transfer of Educational Technologies in the Countries of the European Union\u201d<\/em> (Prague, Czech Republic);<\/li>\n<li><em>\u201cNew and Innovative Teaching Methods\u201d<\/em> (Krak\u00f3w, Poland);<\/li>\n<li><em>\u201cTransfer of Educational Technologies in the Countries of the European Union and Ukraine\u201d<\/em> (Lublin, Poland);<\/li>\n<li><em>\u201cMultidisciplinary Challenges in Contemporary Science: Innovations and Collaboration\u201d<\/em> (\u0141\u00f3d\u017a, Poland);<\/li>\n<li><em>\u201cMIRCIM 2023\u201d<\/em> (Krak\u00f3w, Poland), etc.<\/li>\n<\/ul>\n<p>Department staff also delivered <strong>oral and poster presentations<\/strong> at international scientific forums, including:<\/p>\n<ul>\n<li><em>\u201cCurrent Problems of Education and Science during the War\u201d<\/em>,<br \/>\nThe 1st International Scientific and Practical Internet Conference (Ukraine\u2013USA) \u2013 <strong>oral presentation<\/strong>;<\/li>\n<li><em>TESS \u201cTalk Medical and Clinical Studies and Its Case Reports\u201d<\/em> (Berlin, Germany) \u2013 <strong>oral presentation<\/strong>;<\/li>\n<li><em>\u201cRecent Advances in Medical and Health Sciences (ICRAMHS-23)\u201d<\/em> (Ghent, Belgium) \u2013 <strong>oral presentation<\/strong>;<\/li>\n<li><em>The Society of Acute Medicine \u2013 17th International Conference<\/em> (Glasgow, United Kingdom) \u2013 <strong>e-poster<\/strong>;<\/li>\n<li><em>91st European Atherosclerosis Society Congress<\/em> (Mannheim, Germany) \u2013 <strong>abstract<\/strong>;<\/li>\n<li><em>\u201cModern Problems and the Latest Theories of Development\u201d<\/em> (Munich, Germany) \u2013 <strong>abstract<\/strong>;<\/li>\n<li><em>Congress of the European Hematology Association<\/em> (Frankfurt, Germany) \u2013 <strong>abstract<\/strong>;<\/li>\n<li><em>3rd International Scientific and Practical Conference<\/em> (Dublin, Ireland) \u2013 <strong>abstract<\/strong>, etc.<\/li>\n<\/ul>\n<h3>Participation of Department Staff in Major International Congresses<\/h3>\n<ul>\n<li><strong>Professor Volodymyr V. Chernyavskyi<\/strong> participated in <strong>UEGW 2023<\/strong> (online) and <strong>EASL 2024<\/strong> (in person) and is personally registered for <strong>UEGW 2024<\/strong>.<br \/>\nAssociate Professors <strong>Lesia S. Hvozdecka<\/strong>, <strong>Tetiana B. Nechypurenko<\/strong>, and Assistant <strong>Artem V. Neverovskyi<\/strong> were also delegated to <strong>EASL 2024<\/strong>.<\/li>\n<li><strong>Associate Professor Tetiana B. Nechypurenko<\/strong> completed an international training program at <strong>Stanford University School of Medicine<\/strong>:<br \/>\n<em>\u201cAI Series: Fundamentals of AI and Machine Learning in Healthcare.\u201d<\/em><\/li>\n<\/ul>\n<h3>Membership in International Professional Associations<\/h3>\n<ul>\n<li><strong>Professor Volodymyr V. Chernyavskyi<\/strong> \u2013 Member of the <strong>European Society of Neurogastroenterology and Motility (ESNM)<\/strong>; Member of the <strong>European Association for the Study of the Liver (EASL)<\/strong>.<\/li>\n<li><strong>Associate Professor Lesia S. Hvozdecka<\/strong> \u2013 Member of <strong>ESNM<\/strong>; Member of <strong>EASL<\/strong>.<\/li>\n<li><strong>Associate Professor Tetiana B. Nechypurenko<\/strong> \u2013 Member of <strong>ECS<\/strong>, <strong>ESR<\/strong>, <strong>EASL<\/strong>, <strong>WOSAAM<\/strong>.<\/li>\n<li><strong>Associate Professor Tetiana M. Motsak<\/strong> \u2013 Member of the <strong>European Atherosclerosis Society (EAS)<\/strong>; Member of the <strong>Council for Basic Cardiovascular Science of the European Society of Cardiology (ESC)<\/strong>.<\/li>\n<li><strong>Associate Professor Iryna O. Melnychuk<\/strong> \u2013 Member of the <strong>European Society of Cardiology (ESC)<\/strong> and the <strong>European Atherosclerosis Society<\/strong>.<\/li>\n<li><strong>Assistant Yuliia V. Tyravska<\/strong> \u2013 Full member of the <strong>International Foundation of Scientists and Educators<\/strong>, the <strong>International Society on Thrombosis and Haemostasis<\/strong>, the <strong>European Hematology Association<\/strong>, and the <strong>European Society of Cardiology<\/strong>.<\/li>\n<\/ul>\n<h3>International Agreements and Academic Mobility<\/h3>\n<p>Active agreements and memoranda of cooperation have been signed, including <strong>scientific collaboration with the Laboratory of Bioorganic Chemistry and Molecular Imaging (LCBIM), Institute of Chemical Sciences and Engineering (ISIC), \u00c9cole polytechnique f\u00e9d\u00e9rale de Lausanne (EPFL), Lausanne, Switzerland<\/strong>.<\/p>\n<p>Doctor of Medical Sciences, Professor <strong>Viktoriia N. Kramarova<\/strong>, as a member of a working group within the <strong>ERASMUS international cooperation program (2022\u20132027)<\/strong>, collaborates with <strong>Satakunta University of Applied Sciences (Finland)<\/strong> on issues of <strong>academic mobility<\/strong>.<\/p>\n<p>&nbsp;<\/p>","protected":false},"excerpt":{"rendered":"<p>Responsible staff member: Associate Professor Motsak Tetiana Mykhaylivna, PhD (Candidate of Medical Sciences). &nbsp; Participation in International Educational and Scientific Events The department staff regularly obtain CME (Continuing Medical Education) credits through participation in international scientific and educational events. In 2023, staff members took part in the following international conferences and educational programs, among others: [&hellip;]<\/p>\n","protected":false},"author":105,"featured_media":0,"parent":10188,"menu_order":70,"comment_status":"closed","ping_status":"closed","template":"","meta":{"inline_featured_image":false,"footnotes":""},"class_list":["post-218216","page","type-page","status-publish","hentry"],"_links":{"self":[{"href":"https:\/\/nmuofficial.com\/en\/wp-json\/wp\/v2\/pages\/218216","targetHints":{"allow":["GET"]}}],"collection":[{"href":"https:\/\/nmuofficial.com\/en\/wp-json\/wp\/v2\/pages"}],"about":[{"href":"https:\/\/nmuofficial.com\/en\/wp-json\/wp\/v2\/types\/page"}],"author":[{"embeddable":true,"href":"https:\/\/nmuofficial.com\/en\/wp-json\/wp\/v2\/users\/105"}],"replies":[{"embeddable":true,"href":"https:\/\/nmuofficial.com\/en\/wp-json\/wp\/v2\/comments?post=218216"}],"version-history":[{"count":5,"href":"https:\/\/nmuofficial.com\/en\/wp-json\/wp\/v2\/pages\/218216\/revisions"}],"predecessor-version":[{"id":221174,"href":"https:\/\/nmuofficial.com\/en\/wp-json\/wp\/v2\/pages\/218216\/revisions\/221174"}],"up":[{"embeddable":true,"href":"https:\/\/nmuofficial.com\/en\/wp-json\/wp\/v2\/pages\/10188"}],"wp:attachment":[{"href":"https:\/\/nmuofficial.com\/en\/wp-json\/wp\/v2\/media?parent=218216"}],"curies":[{"name":"wp","href":"https:\/\/api.w.org\/{rel}","templated":true}]}}