{"id":218153,"date":"2026-01-28T17:50:15","date_gmt":"2026-01-28T14:50:15","guid":{"rendered":"https:\/\/nmuofficial.com\/?page_id=218153"},"modified":"2026-01-28T18:08:31","modified_gmt":"2026-01-28T15:08:31","slug":"international-cooperation","status":"publish","type":"page","link":"https:\/\/nmuofficial.com\/en\/zagalni-vidomosti\/kafedri\/kafedra-hirurgiyi-2\/international-cooperation\/","title":{"rendered":"International cooperation"},"content":{"rendered":"<p><span style=\"color: #003366;\"><strong><em>Teplyi Valerii \u2013 <\/em><\/strong>responsible for international cooperation of the department of Surgery with a course in abdominal surgery<\/span><\/p>\n<p><span style=\"color: #003366;\"><strong>Participation of the department staff in international conferences<\/strong><strong>: <\/strong><\/span><\/p>\n<p>&nbsp;<\/p>\n<table class=\"ttab1\" border=\"1\" cellspacing=\"0\" cellpadding=\"0\" width=100%>\n<thead>\n<tr>\n<td width=\"18%\"><span style=\"color: #003366;\"><strong>Name, position<\/strong><\/span><\/td>\n<td width=\"27%\"><span style=\"color: #003366;\"><strong>Conference<\/strong><\/span><\/td>\n<td width=\"18%\"><span style=\"color: #003366;\"><strong>Form of participation<\/strong><\/span><\/td>\n<td width=\"20%\"><span style=\"color: #003366;\"><strong>Country, city, institution<\/strong><\/span><\/td>\n<td width=\"15%\"><span style=\"color: #003366;\"><strong>Dates<\/strong><\/span><\/td>\n<\/tr>\n<\/thead>\n<tbody>\n<tr>\n<td rowspan=\"8\" width=\"18%\"><span style=\"color: #003366;\">Kolosovych I., Head of the Department<\/span><\/td>\n<td width=\"27%\"><span style=\"color: #003366;\">The IV International Scientific and Practical Conference &#8220;Innovative research and perspectives of the development of science and technology<\/span><\/td>\n<td width=\"18%\"><span style=\"color: #003366;\">abstract<\/span><\/td>\n<td width=\"20%\"><span style=\"color: #003366;\">Stockholm, Sweden<\/span><\/td>\n<td width=\"15%\"><span style=\"color: #003366;\">January 29-31, 2024<\/span><\/td>\n<\/tr>\n<tr>\n<td width=\"27%\"><span style=\"color: #003366;\">International scientific and practical conference &#8220;Features of the Ukrainian healthcare system today: best European experience &#8211; from theory to practice.&#8221;<\/span><\/td>\n<td width=\"18%\"><span style=\"color: #003366;\">attender<\/span><\/td>\n<td width=\"20%\"><span style=\"color: #003366;\">Ukraine, Ukrainian Academy of Sciences<\/span><\/td>\n<td width=\"15%\"><span style=\"color: #003366;\">08-09.02.2024<\/span><\/td>\n<\/tr>\n<tr>\n<td width=\"27%\"><span style=\"color: #003366;\">Master class with international participation &#8220;Modern problems of world pancreatology. Comorbidity in pancreatology.&#8221;<\/span><\/td>\n<td width=\"18%\"><span style=\"color: #003366;\">attender<\/span><\/td>\n<td width=\"20%\"><span style=\"color: #003366;\">Ukrainian Pancreatologists Club<\/span><\/p>\n<p>&nbsp;<\/td>\n<td width=\"15%\"><span style=\"color: #003366;\">15.02.2024<\/span><\/td>\n<\/tr>\n<tr>\n<td width=\"27%\"><span style=\"color: #003366;\">The X International Scientific and Practical Conference &#8220;Global achievements and current trends in the development of science&#8221;<\/span><\/td>\n<td width=\"18%\"><span style=\"color: #003366;\">abstract<\/span><\/td>\n<td width=\"20%\"><span style=\"color: #003366;\">Sofia, Bulgaria<\/span><\/td>\n<td width=\"15%\"><span style=\"color: #003366;\">March 11-13, 2024<\/span><\/td>\n<\/tr>\n<tr>\n<td width=\"27%\"><span style=\"color: #003366;\">The 16th International scientific and practical conference \u201cInnovations in education: problems, prospects and answers to today\u2019s challenges\u201d<\/span><\/td>\n<td width=\"18%\"><span style=\"color: #003366;\">abstract<\/span><\/td>\n<td width=\"20%\"><span style=\"color: #003366;\">Zagreb, Croatia<\/span><\/td>\n<td width=\"15%\"><span style=\"color: #003366;\">April 23 \u2013 26, 2024<\/span><\/td>\n<\/tr>\n<tr>\n<td width=\"27%\"><span style=\"color: #003366;\">Master class with international participation &#8220;Current problems of modern pancreatology&#8221;<\/span><\/td>\n<td width=\"18%\"><span style=\"color: #003366;\">attender<\/span><\/td>\n<td width=\"20%\"><span style=\"color: #003366;\">Ukrainian Pancreatologists Club<\/span><\/td>\n<td width=\"15%\"><span style=\"color: #003366;\">7.05.24<\/span><\/td>\n<\/tr>\n<tr>\n<td width=\"27%\"><span style=\"color: #003366;\">The XXII International Scientific and Practical Conference \u201cMethodology and organization of scientific research\u201d<\/span><\/td>\n<td width=\"18%\"><span style=\"color: #003366;\">abstract<\/span><\/td>\n<td width=\"20%\"><span style=\"color: #003366;\">Berlin, Germany<\/span><\/td>\n<td width=\"15%\"><span style=\"color: #003366;\">June 03-05, 2024<\/span><\/td>\n<\/tr>\n<tr>\n<td width=\"27%\"><span style=\"color: #003366;\">scientific-practical conference with international participation &#8220;XII scientific session of the Institute of Gastroenterology of the National Academy of Medical Sciences of Ukraine. Latest\u00bb<\/span><\/td>\n<td width=\"18%\"><span style=\"color: #003366;\">attender<\/span><\/td>\n<td width=\"20%\"><span style=\"color: #003366;\">State Institution &#8220;Institute of Gastroenterology of the National Academy of Medical Sciences of Ukraine&#8221;<\/span><\/td>\n<td width=\"15%\"><span style=\"color: #003366;\">13-14.06.24<\/span><\/td>\n<\/tr>\n<tr>\n<td rowspan=\"7\" width=\"18%\"><\/td>\n<td width=\"27%\"><span style=\"color: #003366;\">Master class with international participation &#8220;Current problems of modern pancreatology. Latest achievements in diagnostics and treatment. Comorbidity in pancreatology&#8221;<\/span><\/td>\n<td width=\"18%\"><span style=\"color: #003366;\">attender<\/span><\/td>\n<td width=\"20%\"><span style=\"color: #003366;\">Ukrainian Pancreatologists Club<\/span><\/td>\n<td width=\"15%\"><span style=\"color: #003366;\">19.07.24<\/span><\/td>\n<\/tr>\n<tr>\n<td width=\"27%\"><span style=\"color: #003366;\">Master class with international participation &#8220;Current problems of modern pancreatology. Latest achievements in diagnostics and treatment. Comorbidity in pancreatology&#8221;<\/span><\/td>\n<td width=\"18%\"><span style=\"color: #003366;\">attender<\/span><\/td>\n<td width=\"20%\"><span style=\"color: #003366;\">Ukrainian Pancreatologists Club<\/span><\/td>\n<td width=\"15%\"><span style=\"color: #003366;\">13.09.24<\/span><\/td>\n<\/tr>\n<tr>\n<td width=\"27%\"><span style=\"color: #003366;\">The V International Scientific and Practical Conference \u00abModern philological research in the context of intercultural communication\u00bb<\/span><\/td>\n<td width=\"18%\"><span style=\"color: #003366;\">attender<\/span><\/td>\n<td width=\"20%\"><span style=\"color: #003366;\">Zaragoza, Spain<\/span><\/td>\n<td width=\"15%\"><span style=\"color: #003366;\">September 30 \u2013 October 02.24<\/span><\/td>\n<\/tr>\n<tr>\n<td width=\"27%\"><span style=\"color: #003366;\">Master class with international participation &#8220;Latest advances in diagnostics and treatment of pancreatic diseases&#8221;<\/span><\/td>\n<td width=\"18%\"><span style=\"color: #003366;\">attender<\/span><\/td>\n<td width=\"20%\"><span style=\"color: #003366;\">Ukrainian Pancreatologists Club<\/span><\/td>\n<td width=\"15%\"><span style=\"color: #003366;\">22.11.24<\/span><\/td>\n<\/tr>\n<tr>\n<td width=\"27%\"><span style=\"color: #003366;\">The \u0425 International Scientific and Practical Conference \u00abScientific trends in the development of science and education\u00bb<\/span><\/td>\n<td width=\"18%\"><span style=\"color: #003366;\">abstract<\/span><\/td>\n<td width=\"20%\"><span style=\"color: #003366;\">Thessaloniki, Greece<\/span><\/td>\n<td width=\"15%\"><span style=\"color: #003366;\">November<\/span><\/p>\n<p><span style=\"color: #003366;\">04-06.24<\/span><\/td>\n<\/tr>\n<tr>\n<td width=\"27%\"><span style=\"color: #003366;\">The XVI International scientific and practical conference \u00abModern and new technical trends that help humanity\u00bb<\/span><\/td>\n<td width=\"18%\"><span style=\"color: #003366;\">abstract<\/span><\/td>\n<td width=\"20%\"><span style=\"color: #003366;\">Thessaloniki, Greece<\/span><\/td>\n<td width=\"15%\"><span style=\"color: #003366;\">December<\/span><\/p>\n<p><span style=\"color: #003366;\">16-18.24<\/span><\/td>\n<\/tr>\n<tr>\n<td width=\"27%\"><span style=\"color: #003366;\">The 16th International scientific and practical conference \u201cNew ways of improving outdated methods and technologies\u201d<\/span><\/td>\n<td width=\"18%\"><span style=\"color: #003366;\">abstract<\/span><\/td>\n<td width=\"20%\"><span style=\"color: #003366;\">Copenhagen, Denmark<\/span><\/td>\n<td width=\"15%\"><span style=\"color: #003366;\">December<\/span><\/p>\n<p><span style=\"color: #003366;\">17 \u2013 20.24<\/span><\/td>\n<\/tr>\n<tr>\n<td rowspan=\"2\" width=\"18%\"><span style=\"color: #003366;\">Bezrodnyi B., prof.<\/span><\/p>\n<p>&nbsp;<\/td>\n<td width=\"27%\"><span style=\"color: #003366;\">XVI International Scientific and Practical Conference \u00abModern and new technical trends that help humanity\u00bb<\/span><\/td>\n<td width=\"18%\"><span style=\"color: #003366;\">abstract<\/span><\/td>\n<td width=\"20%\">&nbsp;<\/p>\n<p>&nbsp;<\/p>\n<p>&nbsp;<\/p>\n<p>&nbsp;<\/p>\n<p>&nbsp;<\/p>\n<p>&nbsp;<\/p>\n<p>&nbsp;<\/p>\n<p><span style=\"color: #003366;\">Thessaloniki, Greece<\/span><\/td>\n<td width=\"15%\"><span style=\"color: #003366;\">16-18.12. 2024 \u0440.<\/span><\/td>\n<\/tr>\n<tr>\n<td width=\"27%\"><span style=\"color: #003366;\">XVI International Scientific and Practical Conference \u00abNew ways of improving outdated methods and technologies\u00bb<\/span><\/td>\n<td width=\"18%\"><span style=\"color: #003366;\">abstract<\/span><\/td>\n<td width=\"20%\">&nbsp;<\/p>\n<p>&nbsp;<\/p>\n<p>&nbsp;<\/p>\n<p>&nbsp;<\/p>\n<p>&nbsp;<\/p>\n<p>&nbsp;<\/p>\n<p>&nbsp;<\/p>\n<p><span style=\"color: #003366;\">Copenhagen, Denmark<\/span><\/td>\n<td width=\"15%\"><span style=\"color: #003366;\">17-20.12.2024 \u0440.<\/span><\/td>\n<\/tr>\n<tr>\n<td rowspan=\"3\" width=\"18%\"><span style=\"color: #003366;\">Prystupiuk \u041c.,<\/span><\/p>\n<p><span style=\"color: #003366;\">assos. Prof.<\/span><\/td>\n<td width=\"27%\"><span style=\"color: #003366;\">IDF World Diabetes Congress (International Diabetes Federation)<\/span><\/td>\n<td width=\"18%\"><span style=\"color: #003366;\">Oral presentation<\/span><\/td>\n<td width=\"20%\"><span style=\"color: #003366;\">Thailand, Bangkok<\/span><\/td>\n<td width=\"15%\"><span style=\"color: #003366;\">17.03.2025<\/span><\/td>\n<\/tr>\n<tr>\n<td width=\"27%\"><span style=\"color: #003366;\">Scientific and Educational Congress of the Polish Wound Care Association<\/span><\/td>\n<td width=\"18%\"><span style=\"color: #003366;\">Oral presentation<\/span><\/td>\n<td width=\"20%\"><span style=\"color: #003366;\">Poland, Lochuw,<\/span><\/td>\n<td width=\"15%\"><span style=\"color: #003366;\">\u00a015.05.2025<\/span><\/p>\n<p>&nbsp;<\/p>\n<p>&nbsp;<\/p>\n<p>&nbsp;<\/td>\n<\/tr>\n<tr>\n<td width=\"27%\"><span style=\"color: #003366;\">The 52nd Annual Meeting of Japanese Society<\/span><\/p>\n<p><span style=\"color: #003366;\">for Vascular Surgery<\/span><\/td>\n<td width=\"18%\"><span style=\"color: #003366;\">Oral presentation<\/span><\/td>\n<td width=\"20%\"><span style=\"color: #003366;\">Japan, Beppu<\/span><\/td>\n<td width=\"15%\"><span style=\"color: #003366;\">29-31.05.2024<\/span><\/p>\n<p>&nbsp;<\/td>\n<\/tr>\n<tr>\n<td rowspan=\"2\" width=\"18%\"><span style=\"color: #003366;\">Hanol I.,<\/span><\/p>\n<p><span style=\"color: #003366;\">assos. Prof.<\/span><\/p>\n<p>&nbsp;<\/td>\n<td width=\"27%\"><span style=\"color: #003366;\">IV International Scientific and Practical Conference &#8220;Innovative research and perspectives of the development of science and technology&#8221;<\/span><\/td>\n<td width=\"18%\"><span style=\"color: #003366;\">abstract<\/span><\/td>\n<td width=\"20%\"><span style=\"color: #003366;\">Stockholm, Sweden.<\/span><\/td>\n<td width=\"15%\"><span style=\"color: #003366;\">January 29-31, 2024<\/span><\/td>\n<\/tr>\n<tr>\n<td width=\"27%\"><span style=\"color: #003366;\">X International Scientific and Practical Conference \u00abGlobal achievements and current trends in the development of science\u00bb<\/span><\/td>\n<td width=\"18%\"><span style=\"color: #003366;\">abstract<\/span><\/td>\n<td width=\"20%\"><span style=\"color: #003366;\">Sofia, Bulgaria<\/span><\/td>\n<td width=\"15%\"><span style=\"color: #003366;\">March 11\u201213, 2024<\/span><\/td>\n<\/tr>\n<tr>\n<td rowspan=\"4\" width=\"18%\"><span style=\"color: #003366;\">Sydorenko R., assos. Prof.<\/span><\/td>\n<td width=\"27%\"><span style=\"color: #003366;\">Scientific and practical conference with international participation &#8220;Current problems of diabetology&#8221;<\/span><\/td>\n<td width=\"18%\"><span style=\"color: #003366;\">attender<\/span><\/td>\n<td width=\"20%\"><span style=\"color: #003366;\">Odesa, Ukraine<\/span><\/td>\n<td width=\"15%\"><span style=\"color: #003366;\">25.04.2024-27.04.2024<\/span><\/td>\n<\/tr>\n<tr>\n<td width=\"27%\"><span style=\"color: #003366;\">Scientific and practical conference with international participation &#8220;Congress of vascular surgeons, phlebologists and angiologists of Ukraine&#8221;<\/span><\/td>\n<td width=\"18%\"><span style=\"color: #003366;\">attender<\/span><\/td>\n<td width=\"20%\"><span style=\"color: #003366;\">Lviv, Ukraine<\/span><\/td>\n<td width=\"15%\"><span style=\"color: #003366;\">16.05.2024-18.05.2024<\/span><\/td>\n<\/tr>\n<tr>\n<td width=\"27%\"><span style=\"color: #003366;\">IX Congress of the NGO &#8220;Ukrainian Gastroenterological Association&#8221; with international participation<\/span><\/td>\n<td width=\"18%\"><span style=\"color: #003366;\">attender<\/span><\/td>\n<td width=\"20%\"><span style=\"color: #003366;\">Ivano-Frankivsk, Ukraine<\/span><\/td>\n<td width=\"15%\"><span style=\"color: #003366;\">25.09.2024-27.09.2024<\/span><\/td>\n<\/tr>\n<tr>\n<td width=\"27%\"><span style=\"color: #003366;\">Scientific and practical conference with international participation &#8220;GRAND ROUND&#8221;<\/span><\/td>\n<td width=\"18%\"><span style=\"color: #003366;\">attender<\/span><\/td>\n<td width=\"20%\"><span style=\"color: #003366;\">Odesa, Ukraine<\/span><\/td>\n<td width=\"15%\"><span style=\"color: #003366;\">15.10.2024-17.10.2024<\/span><\/td>\n<\/tr>\n<tr>\n<td width=\"18%\"><span style=\"color: #003366;\">Tsyhanok A., assos. Prof.<\/span><\/td>\n<td width=\"27%\"><span style=\"color: #003366;\">master class with international participation:<\/span><\/p>\n<p><span style=\"color: #003366;\">&#8220;Current problems of modern pancreatology&#8221;<\/span><\/td>\n<td width=\"18%\"><span style=\"color: #003366;\">attender<\/span><\/td>\n<td width=\"20%\"><span style=\"color: #003366;\">Ukrainian pancreatic Club<\/span><\/td>\n<td width=\"15%\"><span style=\"color: #003366;\">07.05.2024<\/span><\/td>\n<\/tr>\n<tr>\n<td rowspan=\"3\" width=\"18%\"><span style=\"color: #003366;\">Korolova Kh.,<\/span><\/p>\n<p><span style=\"color: #003366;\">assist.prof<\/span><\/td>\n<td width=\"27%\"><span style=\"color: #003366;\">seminar \u2013 meeting<\/span><\/td>\n<td width=\"18%\"><span style=\"color: #003366;\">attender<\/span><\/td>\n<td width=\"20%\"><span style=\"color: #003366;\">Pullach, Germany<\/span><\/td>\n<td width=\"15%\"><span style=\"color: #003366;\">12.10.2024 \u2013 17.10.2024<\/span><\/td>\n<\/tr>\n<tr>\n<td width=\"27%\"><span style=\"color: #003366;\">The 4th International scientific and practical conference \u201cActual problems of modern science\u201d<\/span><\/td>\n<td width=\"18%\"><span style=\"color: #003366;\">abstract<\/span><\/td>\n<td width=\"20%\"><span style=\"color: #003366;\">Boston, USA. International Science Group<\/span><\/td>\n<td width=\"15%\"><span style=\"color: #003366;\">2023<\/span><\/td>\n<\/tr>\n<tr>\n<td width=\"27%\"><span style=\"color: #003366;\">The 36th International scientific and practical conference \u201cCurrent trends in the<\/span><\/p>\n<p><span style=\"color: #003366;\">development of youth theories\u201d<\/span><\/td>\n<td width=\"18%\"><span style=\"color: #003366;\">abstract<\/span><\/td>\n<td width=\"20%\"><span style=\"color: #003366;\">Ankara, Turkey.<\/span><\/p>\n<p><span style=\"color: #003366;\">International Science Group<\/span><\/td>\n<td width=\"15%\"><span style=\"color: #003366;\">2023<\/span><\/td>\n<\/tr>\n<\/tbody>\n<\/table>\n<p>&nbsp;<\/p>\n<p>&nbsp;<\/p>\n<p><span style=\"color: #003366;\"><strong>Employee traineeship<\/strong><strong>:<\/strong><\/span><\/p>\n<table class=\"ttab1 mtr-table mtr-tr-td\" border=\"1\" cellspacing=\"0\" cellpadding=\"0\" width=\"100%\">\n<tbody>\n<tr>\n<td width=\"17%\" data-mtr-content=\"Name\" class=\"mtr-td-tag\"><div class=\"mtr-cell-content\"><span style=\"color: #003366;\"><strong>Name<\/strong><\/span><\/div><\/td>\n<td width=\"10%\" data-mtr-content=\"\u00a0\n\u00a0\nposition \" class=\"mtr-td-tag\"><div class=\"mtr-cell-content\"><span style=\"color: #003366;\"><strong>\u00a0<\/strong><\/span>\n<p><span style=\"color: #003366;\"><strong>\u00a0<\/strong><\/span><\/p>\n<p><span style=\"color: #003366;\"><strong>position <\/strong><\/span><\/p><\/div><\/td>\n<td width=\"18%\" data-mtr-content=\"Name of the program\" class=\"mtr-td-tag\"><div class=\"mtr-cell-content\"><span style=\"color: #003366;\"><strong>Name of the program<\/strong><\/span><\/div><\/td>\n<td width=\"15%\" data-mtr-content=\"Country, city\" class=\"mtr-td-tag\"><div class=\"mtr-cell-content\"><span style=\"color: #003366;\"><strong>Country, city<\/strong><\/span><\/div><\/td>\n<td width=\"20%\" data-mtr-content=\"Period of training\" class=\"mtr-td-tag\"><div class=\"mtr-cell-content\"><span style=\"color: #003366;\"><strong>Period of training<\/strong><\/span><\/div><\/td>\n<td width=\"17%\" data-mtr-content=\"online\/offline\" class=\"mtr-td-tag\"><div class=\"mtr-cell-content\"><span style=\"color: #003366;\"><strong>online\/offline<\/strong><\/span><\/div><\/td>\n<\/tr>\n<tr>\n<td width=\"17%\" data-mtr-content=\"Name\" class=\"mtr-td-tag\"><div class=\"mtr-cell-content\"><span style=\"color: #003366;\">Chybisov<\/span>\n<p><span style=\"color: #003366;\">Oleksii<\/span><\/p><\/div><\/td>\n<td width=\"10%\" data-mtr-content=\"\u00a0\n\u00a0\nposition \" class=\"mtr-td-tag\"><div class=\"mtr-cell-content\"><span style=\"color: #003366;\">Assistant Professor<\/span><\/div><\/td>\n<td width=\"18%\" data-mtr-content=\"Name of the program\" class=\"mtr-td-tag\"><div class=\"mtr-cell-content\"><span style=\"color: #003366;\">Liver pathology and robotic surgery<\/span><\/div><\/td>\n<td width=\"15%\" data-mtr-content=\"Country, city\" class=\"mtr-td-tag\"><div class=\"mtr-cell-content\"><span style=\"color: #003366;\">Germany, Hamburg<\/span><\/div><\/td>\n<td width=\"20%\" data-mtr-content=\"Period of training\" class=\"mtr-td-tag\"><div class=\"mtr-cell-content\"><span style=\"color: #003366;\">30-31.10.2025<\/span><\/div><\/td>\n<td width=\"17%\" data-mtr-content=\"online\/offline\" class=\"mtr-td-tag\"><div class=\"mtr-cell-content\"><span style=\"color: #003366;\">offline<\/span><\/div><\/td>\n<\/tr>\n<tr>\n<td width=\"17%\" data-mtr-content=\"Name\" class=\"mtr-td-tag\"><div class=\"mtr-cell-content\"><span style=\"color: #003366;\">Prystupiuk Maksym<\/span><\/div><\/td>\n<td width=\"10%\" data-mtr-content=\"\u00a0\n\u00a0\nposition \" class=\"mtr-td-tag\"><div class=\"mtr-cell-content\"><span style=\"color: #003366;\">Associate Professor<\/span><\/div><\/td>\n<td width=\"18%\" data-mtr-content=\"Name of the program\" class=\"mtr-td-tag\"><div class=\"mtr-cell-content\"><span style=\"color: #003366;\">Reconstructive surgery<\/span><\/div><\/td>\n<td width=\"15%\" data-mtr-content=\"Country, city\" class=\"mtr-td-tag\"><div class=\"mtr-cell-content\"><span style=\"color: #003366;\">Japan<\/span><\/div><\/td>\n<td width=\"20%\" data-mtr-content=\"Period of training\" class=\"mtr-td-tag\"><div class=\"mtr-cell-content\"><span style=\"color: #003366;\">20.05-<\/span>\n<p><span style=\"color: #003366;\">17.07.2024<\/span><\/p><\/div><\/td>\n<td width=\"17%\" data-mtr-content=\"online\/offline\" class=\"mtr-td-tag\"><div class=\"mtr-cell-content\"><span style=\"color: #003366;\">offline<\/span><\/div><\/td>\n<\/tr>\n<\/tbody>\n<\/table>\n<p><span style=\"color: #003366;\"><strong>\u00a0<\/strong><\/span><\/p>\n<p><span style=\"color: #003366;\"><strong>Representation in associations<\/strong><\/span><\/p>\n<table class=\"ttab1\" border=\"1\" cellspacing=\"0\" cellpadding=\"0\" width=100%>\n<thead>\n<tr>\n<td width=\"5%\"><span style=\"color: #003366;\"><strong>\u2116<\/strong><\/span><\/td>\n<td width=\"24%\"><span style=\"color: #003366;\"><strong>Association<\/strong><\/span><\/td>\n<td width=\"42%\"><span style=\"color: #003366;\"><strong>Name, position<\/strong><\/span><\/td>\n<td width=\"27%\"><span style=\"color: #003366;\"><strong>Period<\/strong><\/span><\/td>\n<\/tr>\n<\/thead>\n<tbody>\n<tr>\n<td width=\"5%\"><span style=\"color: #003366;\">1<\/span><\/td>\n<td width=\"24%\"><span style=\"color: #003366;\">International Society of Surgery (ISS\/SIC)<\/span><\/td>\n<td rowspan=\"2\" width=\"42%\"><span style=\"color: #003366;\">Ihor Kolosovych, doctor of medical sciences, professor , Head of the Department<\/span><\/td>\n<td width=\"27%\"><span style=\"color: #003366;\">\u00a02021\u0440. up to the present time<\/span><\/td>\n<\/tr>\n<tr>\n<td width=\"5%\"><span style=\"color: #003366;\">2<\/span><\/td>\n<td width=\"24%\"><span style=\"color: #003366;\">The European Union of Medical Specialists (Union Europ\u00e9enne des M\u00e9decins Sp\u00e9cialistes \u2013 UEMS)<\/span><\/td>\n<td width=\"27%\"><span style=\"color: #003366;\">from \u00a02022\u0440.\u00a0 to the present<\/span><\/td>\n<\/tr>\n<tr>\n<td width=\"5%\"><span style=\"color: #003366;\">3<\/span><\/td>\n<td width=\"24%\"><span style=\"color: #003366;\">The European Society of Plastic, Reconstructive and Aesthetic Surgery (ESPRAS)<\/span><\/td>\n<td rowspan=\"4\" width=\"42%\"><span style=\"color: #003366;\">Teplyi Valerii, doctor of medical sciences, professor<\/span><\/td>\n<td width=\"27%\"><span style=\"color: #003366;\">from \u00a02004 to the present<\/span><\/td>\n<\/tr>\n<tr>\n<td width=\"5%\"><span style=\"color: #003366;\">4<\/span><\/td>\n<td width=\"24%\"><span style=\"color: #003366;\">European Association of Societies of Aesthetic Plastic Surgery (EASAPS)<\/span><\/td>\n<td width=\"27%\"><span style=\"color: #003366;\">from \u00a02004 to the present<\/span><\/td>\n<\/tr>\n<tr>\n<td width=\"5%\"><span style=\"color: #003366;\">5<\/span><\/td>\n<td width=\"24%\"><span style=\"color: #003366;\">International Confederation of Plastic and Reconstructive Aesthetic Surgery (IPRAS)<\/span><\/td>\n<td width=\"27%\"><span style=\"color: #003366;\">from \u00a02004 to the present<\/span><\/td>\n<\/tr>\n<tr>\n<td width=\"5%\"><span style=\"color: #003366;\">6<\/span><\/td>\n<td width=\"24%\"><span style=\"color: #003366;\">Aesthetic Multispecialty Society<\/span><\/td>\n<td width=\"27%\"><span style=\"color: #003366;\">from \u00a02020 to the present time<\/span><\/td>\n<\/tr>\n<tr>\n<td width=\"5%\"><span style=\"color: #003366;\">7<\/span><\/td>\n<td width=\"24%\"><span style=\"color: #003366;\">EWMA<\/span><\/td>\n<td width=\"42%\"><span style=\"color: #003366;\">Petrenko Oleg, doctor of medical sciences, Associate Professor<\/span><\/td>\n<td width=\"27%\"><span style=\"color: #003366;\">from \u00a02017 to the present<\/span><\/td>\n<\/tr>\n<tr>\n<td width=\"5%\"><span style=\"color: #003366;\">8<\/span><\/td>\n<td width=\"24%\"><span style=\"color: #003366;\">Regional Council IDF Europe (International Diabetes Federation Europe)<\/span><\/td>\n<td width=\"42%\"><span style=\"color: #003366;\">Prystupiuk Maksym, candidate of sciences, Associate Professor<\/span><\/td>\n<td width=\"27%\"><span style=\"color: #003366;\">2024-2026<\/span><\/td>\n<\/tr>\n<\/tbody>\n<\/table>\n<p><span style=\"color: #003366;\"><strong>\u00a0<\/strong><\/span><\/p>","protected":false},"excerpt":{"rendered":"<p>Teplyi Valerii \u2013 responsible for international cooperation of the department of Surgery with a course in abdominal surgery Participation of the department staff in international conferences: &nbsp; Name, position Conference Form of participation Country, city, institution Dates Kolosovych I., Head of the Department The IV International Scientific and Practical Conference &#8220;Innovative research and perspectives of [&hellip;]<\/p>\n","protected":false},"author":105,"featured_media":0,"parent":24085,"menu_order":80,"comment_status":"closed","ping_status":"closed","template":"","meta":{"inline_featured_image":false,"footnotes":""},"class_list":["post-218153","page","type-page","status-publish","hentry"],"_links":{"self":[{"href":"https:\/\/nmuofficial.com\/en\/wp-json\/wp\/v2\/pages\/218153","targetHints":{"allow":["GET"]}}],"collection":[{"href":"https:\/\/nmuofficial.com\/en\/wp-json\/wp\/v2\/pages"}],"about":[{"href":"https:\/\/nmuofficial.com\/en\/wp-json\/wp\/v2\/types\/page"}],"author":[{"embeddable":true,"href":"https:\/\/nmuofficial.com\/en\/wp-json\/wp\/v2\/users\/105"}],"replies":[{"embeddable":true,"href":"https:\/\/nmuofficial.com\/en\/wp-json\/wp\/v2\/comments?post=218153"}],"version-history":[{"count":3,"href":"https:\/\/nmuofficial.com\/en\/wp-json\/wp\/v2\/pages\/218153\/revisions"}],"predecessor-version":[{"id":218183,"href":"https:\/\/nmuofficial.com\/en\/wp-json\/wp\/v2\/pages\/218153\/revisions\/218183"}],"up":[{"embeddable":true,"href":"https:\/\/nmuofficial.com\/en\/wp-json\/wp\/v2\/pages\/24085"}],"wp:attachment":[{"href":"https:\/\/nmuofficial.com\/en\/wp-json\/wp\/v2\/media?parent=218153"}],"curies":[{"name":"wp","href":"https:\/\/api.w.org\/{rel}","templated":true}]}}