{"id":121694,"date":"2022-10-25T15:07:16","date_gmt":"2022-10-25T12:07:16","guid":{"rendered":"https:\/\/nmuofficial.com\/?page_id=121694"},"modified":"2025-12-31T12:08:32","modified_gmt":"2025-12-31T09:08:32","slug":"mizhnarodna-spivpratsya","status":"publish","type":"page","link":"https:\/\/nmuofficial.com\/en\/zagalni-vidomosti\/kafedri\/fakultet-pidvyshhennya-kvalifikatsiyi\/mizhnarodna-spivpratsya\/","title":{"rendered":"International cooperation"},"content":{"rendered":"<p>The staff of the Center actively represents academic achievements internationally, participating in international conferences, forums, symposiums, presenting the results of their research in countries across Europe and the world, and undergoing internships through international programs. The employees of the Center are certified specialists abroad.<\/p>\n<p><strong>International Internships:<\/strong><\/p>\n<p>2021 &#8211; Prof. V.V. Ulischenko, Prof. V.Ye. Cheshuk, Prof. I.O. Mogilevkina, Assoc. Prof. O.O. Lazurenko, Assoc. Prof. L.V. Lymar &#8211; Internship on &#8220;Teaching Process and Science in Higher Education Institutions: Experience of Poland&#8221; at the Alcide De Gasperi University of Euroregional Economy in J\u00f3zef\u00f3w (Poland, Warsaw).<\/p>\n<p>2019 &#8211; Senior Lecturer O.O. Kefeli-Yanovska &#8211; Internship \u201cInterdiscipline scientific internship at the Hamburg State and University Library Carl von Ossietzky&#8221;. Hamburg, Germany.<\/p>\n<p>2019 &#8211; Senior Lecturer O.O. Kefeli-Yanovska &#8211; Online training at the Ukrainian Catholic University \u201cCommunity-Oriented Learning\u201d.<\/p>\n<p>2021 &#8211; Prof. V.V. Ulischenko &#8211; Training under the Ukrainian-Swedish project &#8220;Teaching Skills in Medical Higher Education. Second Edition. Feedback&#8221;.<\/p>\n<p>2021 &#8211; Prof. V.V. Ulischenko, Prof. V.Ye. Cheshuk, Prof. I.O. Mogilevkina, Assoc. Prof. O.O. Lazurenko, Assoc. Prof. L.V. Lymar &#8211; Participation in the international scientific-practical conference &#8220;Development of University Education in the Postmodern Period: Contemporary Trends in Intercultural Communication and Teaching Methods in the Context of Socio-Cultural Transformations and Blended Learning&#8221;.<\/p>\n<p>2021 &#8211; Prof. V.V. Ulischenko, Prof. V.Ye. Cheshuk, Prof. I.O. Mogilevkina, Assoc. Prof. O.O. Lazurenko, Assoc. Prof. L.V. Lymar &#8211; Authorship in the international collective monograph \u201cPedagogical challenges of modern education in the context of blended learning&#8221;. (Warsaw \u2013 J\u00f3zef\u00f3w: Alcide De Gasperi University of Euroregional Economy in J\u00f3zef\u00f3w, 2021. <a href=\"https:\/\/sites.google.com\/view\/incult-2\/archive\">Link<\/a>).<\/p>\n<p>2020 &#8211; Professor V.Ye. Cheshuk &#8211; Internship at Medscape, continuing medical education on topics: \u201cSpotlight on the Future of Treatment Algorithms in Melanoma: Where Are We Headed?\u201d, \u201cCase Studies in Head and Neck Cancer: What Is the Best Sequence of Therapy?\u201d and \u201cOptimizing the Treatment of Higher-Risk Early HER2-Positive Breast Cancer: Case Studies for Surgeons&#8221;. Certificate from Johns Hopkins University for participating in the course \u201cPatient Safety and Quality Improvement Developing a Systems View (Patient Safety I)\u201d.<\/p>\n<p>2020-2021 &#8211; Prof. I.O. Mogilevkina &#8211; Professional development \u201cAssessment in Higher Education: Professional Development for Teachers\u201d (Erasmus University, Rotterdam), 18 hours FMF webinar course in Fetal Medicine (The Fetal Maternal Foundation, London).<\/p>\n<p>2021 &#8211; Assoc. Prof. L.V. Lymar &#8211; Training in Teaching English as a Second Language (TESOL) fellowship (Arizona State University), 150 hours, TESOL Certificate.<\/p>\n<p>2021 &#8211; Assoc. Prof. L.V. Lymar &#8211; Certification as an ESOL Examiner, International diploma with the right to organize examinations. 2021 &#8211; Prof. I.O. Mogilevkina &#8211; Grant for training certified professionals in the Virtual Fundamentals of Laparoscopic Surgery (FLS) program to teach laparoscopic suturing skills. The start of the training (March 2022) was hindered by the war. 2022 &#8211; Prof. I.O. Mogilevkina &#8211; Collaborated with colleagues from the Center for Global Surgery (Canada, Montreal) to update training materials for trauma assistance (link to updated video lectures in English from the updated course: <a href=\"https:\/\/www.youtube.com\/playlist?list=PLK44P9fnrcq-paxAT9W9pwOtZ7je-YOBZ\">YouTube Playlist<\/a>).<\/p>\n<p>2023 &#8211; Prof. V.V. Ulischenko &#8211; &#8220;MOODLE AND ITS FRIENDS&#8221; course from the Ukrainian-Swiss project, certificate. 2023 &#8211; Prof. V.V. Ulischenko &#8211; &#8220;SIMULATION APPROACHES IN MEDICAL EDUCATION: INTERNATIONAL EXPERIENCE&#8221; course from the Ukrainian-Swiss project, certificate. 2023 &#8211; Assoc. Prof. L.V. Lymar &#8211; &#8220;Clinical Terminology for International and U.S. Students&#8221; online course, issued by the University of Pittsburgh. (<a href=\"https:\/\/coursera.org\/verify\/CGEREB5C4LFE\">Verification Link<\/a>)<\/p>\n<p>2023 &#8211; Assoc. Prof. L.V. Lymar &#8211; &#8220;Writing in the Sciences&#8221; specialization, online, issued by Stanford University. (<a href=\"https:\/\/coursera.org\/verify\/A4FFN8RGG8T\">Verification Link<\/a>)<\/p>\n<p>2023 &#8211; Assoc. Prof. L.V. Lymar &#8211; &#8220;Academic Listening and Note-Taking&#8221; course, University of California, Irvine. (<a href=\"https:\/\/www.coursera.org\/account\/accomplishments\/certificate\/SF8HL6GL8QW8\">Certificate Link<\/a>)<\/p>\n<p>2023 &#8211; Assoc. Prof. L.V. Lymar &#8211; &#8220;APIta.x: AP\u00ae Italian Language and Culture (2022-2023)&#8221; course by WellesleyX, an online learning initiative of Wellesley College. Valid Certificate ID: 0b033adaed734fa5baa9cf45f3d483ab, 12 weeks.<\/p>\n<p>The employees of the structural unit are represented in international professional associations and actively participate in various international events. Prof. V.Ye. Cheshuk is a member of the European Society for Medical Oncology (ESMO), while Prof. I.O. Mogilevkina is part of FIGO (International Federation of Gynecology and Obstetrics). Professors M.V. Khaitovych and V.Ye. Cheshuk contribute as reviewers and editorial board members for international journals indexed in the Scopus database (Q3). In 2023, they participated in notable conferences such as the EAACI 2023 Hybrid Congress of the European Academy of Allergy and Clinical Immunology and ESMO Breast Cancer 2023 in Berlin, Germany.<\/p>\n<p><strong>Participation in international\u00a0 conferences:<\/strong><\/p>\n<p><a href=\"https:\/\/archive.logos-science.com\/index.php\/conference-proceedings\/issue\/view\/16\">V International Scientific and Practical Conference \u00abGRUNDLAGEN DER MODERNEN WISSENSCHAFTLICHEN FORSCHUNG\u00bb<\/a>, INTERNATIONAL SCIENTIFIC AND PRACTICAL CONFERENCE \u201eActual problems of science, education and technologies\u201c, IV International Scientific and Practical Conference \u00abRICERCHE SCIENTIFICHE E METODI DELLA LORO REALIZZAZIONE: ESPERIENZA MONDIALE E REALT\u00c0 DOMESTICHE\u00bb, \u00a0V International Scientific and Theoretical Conference \u00abFormation of innovative potential of world science\u00bb, V International conference \u00abEducation and Science of today: intersectorial issues and development of sciences, IV International conference \u201cAdvanced discoveries of modern science: experience, approaches and innovations\u201d, VII \u00a0International Conference \u201cScientific advances and innovative approaches\u201d, V \u00a0International Conference \u201cTheoretical and Practical perspectives of modern science\u201d, I International Scientific and Theoretical Conference \u00ab Scientific review of the actual events , achievements and problems\u00bb.<\/p>\n<p><strong>International Publications:<\/strong><\/p>\n<ol>\n<li><strong>Lymar L<\/strong>, Storozhuk K. <a href=\"https:\/\/scholar.google.com.ua\/citations?view_op=view_citation&amp;hl=ru&amp;user=4Ql8pW0AAAAJ&amp;sortby=pubdate&amp;citation_for_view=4Ql8pW0AAAAJ:35N4QoGY0k4C\">Peculiarities of Distance Medical Learning during the Covid 2019 Lockdown: Practical Experience of Teaching Medical English<\/a>. <strong>Wiadomosci Lekarskie<\/strong> (Warsaw, Poland: 1960) 74 (8), 1964-1969.<\/li>\n<li>Kuchyn I,Rr skrypnyk,N Greben, L <strong>Lymar<\/strong> <strong>L<\/strong>. O<a href=\"https:\/\/scholar.google.com.ua\/citations?view_op=view_citation&amp;hl=ru&amp;user=4Ql8pW0AAAAJ&amp;sortby=pubdate&amp;citation_for_view=4Ql8pW0AAAAJ:SeFeTyx0c_EC\">phthalmology.<\/a><a href=\"https:\/\/scholar.google.com.ua\/citations?view_op=view_citation&amp;hl=ru&amp;user=4Ql8pW0AAAAJ&amp;sortby=pubdate&amp;citation_for_view=4Ql8pW0AAAAJ:SeFeTyx0c_EC\"> <strong>Eastern europe<\/strong><\/a><strong> ophthalmology<\/strong> 12 (1), 10-17.<\/li>\n<li>Lobanova OE, Rossokha Z\u0406, Medvedieva NL, Vereshchako RI, <strong>Cheshuk VE<\/strong>, Vershyhora VO, Fishchuk L Ye, Zakhartseva LM, Gorovenko NG. <a href=\"https:\/\/exp-oncology.com.ua\/wp\/wp-content\/uploads\/2021\/03\/2787.pdf?upload=\">Prevalence of BRCA1 and BRCA2 genes promoter hypermethylation in breast cancer tissue<\/a>. <strong>Experimental\u00a0 Oncology<\/strong>. 2021;43(1):56-60.<\/li>\n<li><strong>Iryna Mogilevkina<\/strong>, Vitaliy Gurianov, Gunilla Lindmark. <a href=\"https:\/\/link.springer.com\/article\/10.1186\/s12884-022-04458-9\">Effectiveness of emergency obstetric care training at the regional level in Ukraine: a non-randomized controlled trial<\/a>, \u0440\u0435\u0437\u0443\u043b\u044c\u0442\u0430\u0442\u0438 \u044f\u043a\u043e\u0433\u043e \u043d\u0430\u0434\u0440\u0443\u043a\u043e\u0432\u0430\u043d\u0456 \u0432 \u0436\u0443\u0440\u043d\u0430\u043b\u0456 BMC Pregnancy and Childbirth, <em>(2022) 22:145 <\/em><a href=\"https:\/\/doi.org\/10.1186\/s12884-022-04458-9\">https:\/\/doi.org\/10.1186\/s12884-022-04458-9<\/a><\/li>\n<li><strong>Lazurenko O.<\/strong> Emotional Intelligence of future Physicians who tend to hide professional Mistakes. The new Educational Review. Vol.64, 2021. \u0440.10.<\/li>\n<li><strong>Lazurenko O.<\/strong> knowledge to skills. Fundamental and applied researches in practice of leading scientific schools. 2021;44(2):9.<\/li>\n<li><strong>Khaitovych M.,<\/strong> Potaskalova V., Afanasieva I. (2021). Online study at the medical university in the convention of the Covid-19 pandemic: impression of students. Open Access: Pedagogical challenges of modern education in the context of blended learning. Alcide De Gasperi University of Euroregional Economy, Warsaw, pp. 49-59 (ISBN<\/li>\n<li>Sytnyk I., \u2026 <strong>Khaitovych M<\/strong>., \u2026 Molecular mechanisms of cardioprotection of N-acetylcysteine and losartan in streptozotocin-induced type 1 diabetes mellitus. PharmacologyOnLine (Italy, SILAE \u2013 Societa Italo-Latinoamericana di Etnomedicina). 2021, Vol.1, 480-486. <a href=\"https:\/\/pharmacologyonline.silae.it\/files\/archives\/2021\/vol1\/PhOL_2021_1_A055_Sytnyk.pdf\">https:\/\/pharmacologyonline.silae.it\/files\/archives\/2021\/vol1\/PhOL_2021_1_A055_Sytnyk.pdf<\/a><\/li>\n<li>Andrii Grynyuk, Viktoriia Potaskalova, <strong>Mykola Khaitovych<\/strong>. IL-1\u03b2 LEVEL IN PATIENTS WITH HYPERTENSION, OVERWEIGHT AND TYPE 2 DIABETES MELLITUS. \u039b\u038c\u0413O\u03a3.- 2021\/4\/18<\/li>\n<li>Meertien K. Sijpkens, C\u00e9line Z. van den Hazel, Ilse Delbaere, Tanja Tyd\u00e9n, <strong>Iryna Mogilevkina<\/strong>, Eric A. P. Steegers, Jill Shawe &amp; Ageeth N. Rosman (2019): Results of a Dutch national and subsequent international expert meeting on interconception care, The Journal of Maternal-Fetal &amp; Neonatal Medicine, DOI: 10.1080\/14767058.2018.1547375<\/li>\n<li><strong>Mogilevkina I<\/strong>, Gurianov V, Lindmark G. Effectiveness of emergency obstetric care training at the regional level in Ukraine: a non-randomized controlled trial. BMC Pregnancy and Childbirth 2022 Feb 22;22(1):145-56. (Q1)<\/li>\n<li><strong>Mogilevkina I<\/strong>, Khadzhynova N. War in Ukraine: Challenges for women\u2019s and perinatal health. Sex Reprod Healthc. 2022 Jun;32:100735. doi: 10.1016\/j.srhc.2022.100735. Epub 2022 May 18. PMID: 35605367. (Q1)<\/li>\n<li><strong>Cheshuk Ye. Et al.<\/strong>Clinical significance of determining the hypermethylation of the RUNX3 gene promoter and its cohypermethylation with the BRCA1 gene for patients with breast cancer. J Cancer Res Clin Oncol 149, 11919\u201311927 (2023). https:\/\/doi.org\/10.1007\/s00432-023-05034-0<\/li>\n<li><strong>Cheshuk Ye. Et al<\/strong>\u00a0\u00a0\u00a0\u00a0 CLINICAL SIGNIFICANCE OF BRCA1 GENE SEQUENCING AND ITS PROMOTER METHYLATION TESTING IN THE SEARCH STRATEGY FOR THERAPEUTIC TARGETS IN BREAST CANCER TREATMENT. Experimental Oncology, 2023,45(2), 161\u2013169. https:\/\/doi.org\/10.15407\/exp-oncology.2023.02.161<\/li>\n<li>Kuchyn Iu., <strong>Lymar L.<\/strong> \u00a0\u00a0\u00a0\u00a0\u00a0\u00a0\u00a0\u00a0\u00a0 INDIVIDUAL FACTORS OF MEDICAL PHD STUDENTS\u2019ENGLISH COMMUNICATIVE COMPETENCE. INDEXED IN PUBMED\/MEDLINE, SCOPUS, EMBASE, EBSCO, INDEX COPERNICUS, POLISH MINISTRY OF EDUCATION AND SCIENCE, POLISH MEDICAL BIBLIOGRAPHY, 76(4), 786-791. <a href=\"https:\/\/doi.org\/10.36740\/wlek202304113\">https:\/\/doi.org\/10.36740\/wlek202304113<\/a><\/li>\n<li><strong>Lazurenko O.<\/strong>\u00a0\u00a0\u00a0\u00a0\u00a0\u00a0\u00a0\u00a0\u00a0\u00a0\u00a0 Correlation between time perspective and Defense mechanisms of ukrainian students during the War\/ Journal of Education Culture and Society. Vol. 14 No. 1 (2023). \u0421.198\u2013206<\/li>\n<li><strong>Vozniuk V. et al.<\/strong>\u00a0\u00a0\u00a0\u00a0\u00a0\u00a0 .EFFECT OF URBANIZATION ON DENSITY OF THE GENERAL PRACTITIONERS, AVERAGE LIFE EXPECTANCY AND MORTALITY FROM THE DISEASES OF CIRCULATORY SYSTEM. Wiad Lek. 2023;76(4):811-816. doi: 10.36740\/WLek202304117. PMID: 37226620.<\/li>\n<li><strong>Haytovych et al.<\/strong>\u00a0\u00a0\u00a0\u00a0\u00a0\u00a0\u00a0 SIDE EFFECTS OF ANTIDEPRESSANTS ON ORAL HEALTH ACCORDING TO QUESTIONNAIRES OF PATIENTS AND HEALTHCARE PROFESSIONALS. \u0421\u0432\u0456\u0442 \u043c\u0435\u0434\u0438\u0446\u0438\u043d\u0438 \u0442\u0430 \u0431\u0456\u043e\u043b\u043e\u0433\u0456\u0457 \/ World of medicine and biology. 2023. 84 (2): 163-167. DOI 10.26724\/2079-8334-2023-2-84-163-167.<\/li>\n<li><strong>Haytovych et al.<\/strong>\u00a0\u00a0\u00a0\u00a0\u00a0\u00a0\u00a0 THE EFFECT OF NOS3 AND AGTR1 GENOTYPES ON THE COURSE OF THE ARTERIAL HYPERTENSION FOR THE OVERWEIGHT OR OBESE PATIENTS. Wiadomo\u015bci Lekarskie, 2022. LXXV (2): DOI: 10.36740\/WLek202202137.<\/li>\n<li><strong>Kurchenko et al.<\/strong>\u00a0\u00a0\u00a0\u00a0\u00a0\u00a0 Allergy: European Journal of Allergy and Clinical Immunology, 2023, 78(10), pp. 2581\u20132595 UCRAID (Ukrainian Citizen and refugee electronic support in Respiratory diseases, Allergy, Immunology and Dermatology) action plan<\/li>\n<li><strong>Kurchenko et al.<\/strong>.\u00a0\u00a0\u00a0\u00a0\u00a0 Biochimica Clinica, 2023, 47(2), pp. 132\u2013140\/ Biochemical profile of children with autism spectrum disorders associated with genetic deficiency of the folate cycle<\/li>\n<li><strong>Kurchenko et al.<\/strong>Molecular sensitization pattern to house dust mites is formed from the first years of life and includes group 1, 2, Der p 23, Der p 5, Der p 7 and Der p 21 allergens<\/li>\n<li>Clinical and Molecular Allergy, 2023, 21(1), 1<\/li>\n<li><strong>Ukishchenko V. Philosophy of immortality in modern Ukrainian philosophy<\/strong>\/ KELM. Knowledge. Education. Law. Management. \u2116 5 (57). Fundacja Instytut Spraw Administracji Publicznej w Lubline, 2023. \u0421. 83-88. https:\/\/kelmczasopisma.com\/ua\/jornal\/84 (\u0434\u0430\u0442\u0430 \u0437\u0432\u0435\u0440\u043d\u0435\u043d\u043d\u044f: 22.11.2023).<\/li>\n<li><strong>Ulishchenko V.<\/strong> The problem of death and immortality in M. Bulgakov\u2019s novel \u201cThe Master and Margarita\u201d \u201cScientific Discussion\u201d. Vol. 1, \u211682. Praha, 2023. P. 19-21. http:\/\/sdjscience.com\/wp-content\/uploads\/2023\/11\/Scientific-discussion-No-82-2023.pdf (\u0434\u0430\u0442\u0430 \u0437\u0432\u0435\u0440\u043d\u0435\u043d\u043d\u044f: 13.11.2023).<\/li>\n<li>The 5-year Impact of the Ukrainian National Drug Hypersensitivity and Anaphylaxis Guideline\u00a0 on the Management of Hypersensitivity Induced\u00a0 by Local Anesthetics. I.Kaidashev, N.Gerasymenko, N.Digtiar, Y.Avramenko, I.Mormol,\u00a0 P.Skypnykov, M.Lomikovska, V.Chopyak, <strong>T.Dumenko,<\/strong> G.Novska,\u00a0 V.Litus. Alergia Astma Immunologia, 2023, 28 (1): 17-24 http:\/\/alergia-astma-immunologia.pl\/2023_28_1\/AAI_01_2023_kaidashev.pdf<\/li>\n<li><strong>Lymar ,<\/strong> L DISTANCE EDUCATION OF FUTURE MEDICAL DOCTORS OF PHILOSOPHY IN UKRAINE: FACILITIES. Collection of Scientific Papers \u00ab\u039b\u038c\u0413O\u03a3\u00bb, (October 27, 2023; Zurich, Switzerland), 180. https:\/\/doi.org\/10.36074\/logos-27.10.2023.52<\/li>\n<li><strong>Lymar, L.<\/strong> LO STRESS PSICOLOGICO DEI DOTTORI IN FILOSOFIA MEDICA CHE STUDIANO DURANTE LA GUERRA TRA LA RUSSIA E L\u2019UCRAINA. Collection of Scientific Papers \u00ab\u039b\u038c\u0413O\u03a3\u00bb, (September 29, 2023; Bologna, Italy), 182. https:\/\/doi.org\/10.36074\/logos-29.09.2023.50<\/li>\n<li><strong>Lymar, L.<\/strong> SYNCHRONOUS AND ASYNCHRONOUS DISTANCE LANGUAGE LEARNING. Collection of Scientific Papers \u00abSCIENTIA\u00bb, (July 28, 2023; Tel Aviv, Israel), 135. Retrieved from https:\/\/previous.scientia.report\/index.php\/archive\/article\/view\/1118<\/li>\n<li><strong>Lymar, L<\/strong> Distance training in Ukraine after 2020. International scientific-practical conference \u201cActual problems of science, education and technologies\u201d: conference proceedings (Bratislava, Slovakia, July<\/li>\n<li><strong>Vozniuk V. Y.<\/strong> Age characteristics of satisfaction of general practitioners with work in primary health care centers. VIII International Scientific and Practical Conference \u00abModern science: theoretical and practical view\u00bb, November 21-22, 2023, Madrid. Spain. p 42 DOI https:\/\/doi.org\/10.5281\/zenodo.10218395<\/li>\n<li><strong>Vozniuk V<\/strong>. Gender peculiarities of basic motivation factors in family physicians practice. V International Scientific and Practical Conference \u00abModern science: fundamental and applied aspects\u00bb, December 12-13, 2023, Rome. Italy. 167 p DOI https:\/\/doi.org\/10.5281\/zenodo.10402992<\/li>\n<\/ol>\n<p>&nbsp;<\/p>\n<p>&nbsp;<\/p>","protected":false},"excerpt":{"rendered":"<p>The staff of the Center actively represents academic achievements internationally, participating in international conferences, forums, symposiums, presenting the results of their research in countries across Europe and the world, and undergoing internships through international programs. The employees of the Center are certified specialists abroad. International Internships: 2021 &#8211; Prof. V.V. Ulischenko, Prof. V.Ye. Cheshuk, Prof. [&hellip;]<\/p>\n","protected":false},"author":100,"featured_media":0,"parent":10671,"menu_order":50,"comment_status":"closed","ping_status":"closed","template":"","meta":{"inline_featured_image":false,"footnotes":""},"class_list":["post-121694","page","type-page","status-publish","hentry"],"_links":{"self":[{"href":"https:\/\/nmuofficial.com\/en\/wp-json\/wp\/v2\/pages\/121694","targetHints":{"allow":["GET"]}}],"collection":[{"href":"https:\/\/nmuofficial.com\/en\/wp-json\/wp\/v2\/pages"}],"about":[{"href":"https:\/\/nmuofficial.com\/en\/wp-json\/wp\/v2\/types\/page"}],"author":[{"embeddable":true,"href":"https:\/\/nmuofficial.com\/en\/wp-json\/wp\/v2\/users\/100"}],"replies":[{"embeddable":true,"href":"https:\/\/nmuofficial.com\/en\/wp-json\/wp\/v2\/comments?post=121694"}],"version-history":[{"count":10,"href":"https:\/\/nmuofficial.com\/en\/wp-json\/wp\/v2\/pages\/121694\/revisions"}],"predecessor-version":[{"id":216570,"href":"https:\/\/nmuofficial.com\/en\/wp-json\/wp\/v2\/pages\/121694\/revisions\/216570"}],"up":[{"embeddable":true,"href":"https:\/\/nmuofficial.com\/en\/wp-json\/wp\/v2\/pages\/10671"}],"wp:attachment":[{"href":"https:\/\/nmuofficial.com\/en\/wp-json\/wp\/v2\/media?parent=121694"}],"curies":[{"name":"wp","href":"https:\/\/api.w.org\/{rel}","templated":true}]}}