{"id":11039,"date":"2016-06-11T18:37:11","date_gmt":"2016-06-11T18:37:11","guid":{"rendered":"http:\/\/nmu.ua\/kafedri\/kafedra-ortopedycheskoj-stomatologyy\/spivrobitnyky-kafedry\/"},"modified":"2026-02-26T16:25:30","modified_gmt":"2026-02-26T13:25:30","slug":"spivrobitnyky-kafedry","status":"publish","type":"page","link":"https:\/\/nmuofficial.com\/en\/zagalni-vidomosti\/kafedri\/kafedra-ortopedycheskoj-stomatologyy\/spivrobitnyky-kafedry\/","title":{"rendered":"Department staff"},"content":{"rendered":"<p>&nbsp;<\/p>\n<p><strong> \u00a0<\/strong><\/p>\n<p><strong><img loading=\"lazy\" decoding=\"async\" class=\"size-full wp-image-102697 alignleft\" src=\"\/wp-content\/uploads\/2021\/06\/Nespryadko-1.jpg\" alt=\"\" width=\"164\" height=\"228\" \/>NespryadkoValeriy<br \/>\n<\/strong><\/p>\n<p>Head of the Department, professor, Doctor of Medical Science<\/p>\n<p><a href=\"https:\/\/orcid.org\/0000-0003-4165-3801\">https:\/\/orcid.org\/0000-0003-4165-3801<\/a><\/p>\n<p>&nbsp;<\/p>\n<p>In 1967 he has graduated Kyiv Medical Institute with honors. Listed in the Golden Book of Honor of NMU. OO Bogomolets. In 1969 he has graduated from the clinical residency, and in 1971 &#8211; graduate school at the Department of Prosthetic Dentistry. From 1972 to 1975 he has worked as a dentist in the dental clinic of NMU. From 1975 &#8211; assistant, from 1984 &#8211; associate professor, from 1985 until now &#8211; head of the Department of Orthopedic Dentistry, from 1993 to 2016 &#8211; Dean of the Faculty of Dentistry of the National Medical University. OO Bogomolets. From 2004 till 2015 &#8211; Head of the Dental Medical Center of NMU. OO Bogomolets. In 1972 he has defended his dissertation &#8220;Combined (surgical and orthodontic) treatment of dental anomalies and occlusal deformations&#8221;, and in 1985 &#8211; &#8220;Pathogenesis, clinic and treatment of uncut teeth.&#8221;<\/p>\n<p>Nespryadko prepared 11 doctors and 42 candidates of medical sciences. Author and co-author of more than 700 scientific works, including 45 patents for inventions and copyright certificates, 6 textbooks and manuals, 4 monographs. 1 textbook for English-speaking students in English &#8220;Prosthetic Dentistry&#8221;. He has repeatedly spoken at international conferences. Published in domestic and foreign publications.<\/p>\n<p>Nespryadko is a highly qualified specialist of the orthopedic dentistry, has the highest certification category, member of the International Association of Dentists, board member of the Association of Dentists of Ukraine, president of the Ukrainian Association of Dental Education.<\/p>\n<p>Nespryadko acts as the chairman of the specialized scientific council of NMU in the specialty 14.01.22 &#8211; &#8220;dentistry&#8221; for the defense of dissertations. For many years he has been the Chairman of the Academic Council of the Dental Faculty of NMU.<\/p>\n<p>From 1988 till 1998, V. Nespryadko has served as Chief Dentist of the Ministry of Health of Ukraine.<\/p>\n<p>In 1999, V. Nespryadko was awarded the title of &#8220;Honored Worker of Science and Technology of Ukraine&#8221; for conscientious work.<\/p>\n<p><strong> \u00a0<\/strong><\/p>\n<p><strong> \u00a0<\/strong><\/p>\n<p><strong> \u00a0<\/strong><strong> \u00a0<\/strong><\/p>\n<p><img loading=\"lazy\" decoding=\"async\" class=\"size-full wp-image-102702 alignleft\" src=\"\/wp-content\/uploads\/2021\/06\/Vasylyshyn.jpg\" alt=\"\" width=\"164\" height=\"229\" \/><\/p>\n<p><strong>Vasylyshyn Uliana<\/strong>, Associate Professor, Candidate of Medical Sciences<\/p>\n<p><a href=\"https:\/\/orcid.org\/0000-0002-7587-8120\">https:\/\/orcid.org\/0000-0002-7587-8120<\/a><\/p>\n<p>In 2007 she has successfully defended her dissertation &#8220;Clinical and laboratory substantiation of early diagnosis, treatment and prevention of infectious-allergic conditions of the oral cavity in patients using removable dentures&#8221;.<\/p>\n<p>Responsible for educational and methodical work at the Department of Prosthetic Dentistry.<\/p>\n<p>&nbsp;<\/p>\n<p>&nbsp;<\/p>\n<p>&nbsp;<\/p>\n<p>&nbsp;<\/p>\n<p>&nbsp;<\/p>\n<p>&nbsp;<\/p>\n<p>&nbsp;<\/p>\n<p>&nbsp;<\/p>\n<p><img loading=\"lazy\" decoding=\"async\" class=\"size-full wp-image-102703 alignleft\" src=\"\/wp-content\/uploads\/2021\/06\/Klitynskyj.jpg\" alt=\"\" width=\"164\" height=\"229\" \/><\/p>\n<p><strong>Klitynskyi Iurii<\/strong>, Associate Professor, Candidate of Medical Sciences<\/p>\n<p>The scientific and practical interests relate to functional disorders of the temporomandibular joint.<\/p>\n<p>The Associate Professor conducts active scientific activity, he is an author of more than 60 scientific publications. Scientific editor of translations of professional bestsellers &#8220;Zaburzenia czynno\u015bciowe uk\u0142adu ruchowego narz\u0105du \u017cucia&#8221; (Maria Kleinrok) and &#8220;Management of Temporomandibular Disorders and Occlusion&#8221; (Jeffrey P. Okeson). Doctor of the highest qualification category in the specialty of orthopedic and surgical dentistry. Member of the Association of Implantologists of Ukraine.<\/p>\n<p>&nbsp;<\/p>\n<p>&nbsp;<\/p>\n<p>&nbsp;<\/p>\n<p>&nbsp;<\/p>\n<p align=\"center\"><strong> \u00a0\u00a0<\/strong><\/p>\n<p align=\"center\"><strong> \u00a0\u00a0<\/strong><\/p>\n<p><strong><img loading=\"lazy\" decoding=\"async\" class=\"size-full wp-image-102699 alignleft\" src=\"\/wp-content\/uploads\/2021\/06\/Gryban.jpg\" alt=\"\" width=\"162\" height=\"228\" \/><\/strong><\/p>\n<p><strong>Griban Oleksandr<\/strong>, Associate Professor, Candidate of Medical Sciences<\/p>\n<p>Author of 64 publications, 7 copyright certificates for inventions. Qualified dentist, perfectly versed in modern methods of diagnosis and treatment of patients in the clinic, is constantly improving his professional level. Has the highest qualification category. Scientific interest &#8211; orthopedic treatment of traumatically damaged teeth.<\/p>\n<p><strong>\u00a0<\/strong><\/p>\n<p>&nbsp;<\/p>\n<p>&nbsp;<\/p>\n<p>&nbsp;<\/p>\n<p>&nbsp;<\/p>\n<p>&nbsp;<\/p>\n<p align=\"center\"><strong> \u00a0\u00a0<\/strong><\/p>\n<p align=\"center\"><strong> \u00a0\u00a0<\/strong><\/p>\n<p><strong><img loading=\"lazy\" decoding=\"async\" class=\"size-full wp-image-102701 alignleft\" src=\"\/wp-content\/uploads\/2021\/06\/Gushha.jpg\" alt=\"\" width=\"164\" height=\"229\" \/><\/strong><\/p>\n<p><strong>Hushcha Dmytro<\/strong>, Associate Professor, Candidate of Medical Sciences<\/p>\n<p><a href=\"https:\/\/orcid.org\/0009-0003-4575-1182\">https:\/\/orcid.org\/0009-0003-4575-1182<\/a><\/p>\n<p>Conducts practical classes in all sections of the program in orthopedic dentistry in English. Responsible for the medical work at the department.<\/p>\n<p><strong>\u00a0<\/strong><\/p>\n<p>&nbsp;<\/p>\n<p>&nbsp;<\/p>\n<p>&nbsp;<\/p>\n<p>&nbsp;<\/p>\n<p>&nbsp;<\/p>\n<p>&nbsp;<\/p>\n<p>&nbsp;<\/p>\n<p>&nbsp;<\/p>\n<p>&nbsp;<\/p>\n<p><strong><img loading=\"lazy\" decoding=\"async\" class=\"size-full wp-image-102704 alignleft\" src=\"\/wp-content\/uploads\/2021\/06\/Koval.jpg\" alt=\"\" width=\"164\" height=\"228\" \/><\/strong><\/p>\n<p><strong>Koval Yevhen<\/strong>, Associate Professor, Candidate of Medical Sciences<\/p>\n<p><a href=\"https:\/\/orcid.org\/0000-0002-9005-6686\">https:\/\/orcid.org\/0000-0002-9005-6686<\/a><\/p>\n<p>Author of 29 publications, including: 1 textbook, 1 patent and 4 teaching aids. Scientific interests &#8211; study, analysis, modeling and reproduction of the occlusal surface on all superstructures based on implants.<\/p>\n<p>&nbsp;<\/p>\n<p>&nbsp;<\/p>\n<p>&nbsp;<\/p>\n<p>&nbsp;<\/p>\n<p>&nbsp;<\/p>\n<p>&nbsp;<\/p>\n<p>&nbsp;<\/p>\n<p align=\"center\"><strong> \u00a0\u00a0<\/strong><\/p>\n<p align=\"center\"><strong> \u00a0\u00a0<\/strong><\/p>\n<p><strong><img loading=\"lazy\" decoding=\"async\" class=\"size-full wp-image-102706 alignleft\" src=\"\/wp-content\/uploads\/2021\/06\/Los.jpg\" alt=\"\" width=\"164\" height=\"228\" \/><\/strong><\/p>\n<p><strong>Los Valerii<\/strong>, Associate Professor, Candidate of Medical Sciences<\/p>\n<p><a href=\"https:\/\/orcid.org\/0009-0008-1954-1225\">https:\/\/orcid.org\/0009-0008-1954-1225<\/a><\/p>\n<p>Member of the International Implant Societies of Europe and America (EPA, EUCID, ICP), Vice President of the Association of Dentists of Ukraine. Author of 109 publications and 10 patents. Responsible for the final exam at the department. Research interests: implantology, materials science, biomechanics and pathology of the TMJ.<\/p>\n<p><strong>\u00a0<\/strong><\/p>\n<p>&nbsp;<\/p>\n<p>&nbsp;<\/p>\n<p>&nbsp;<\/p>\n<p>&nbsp;<\/p>\n<p>&nbsp;<\/p>\n<p>&nbsp;<\/p>\n<p>&nbsp;<\/p>\n<p><img loading=\"lazy\" decoding=\"async\" class=\"size-full wp-image-102707 alignleft\" src=\"\/wp-content\/uploads\/2021\/06\/Lysyuk.jpg\" alt=\"\" width=\"164\" height=\"228\" \/><\/p>\n<p><strong>Lysiuk Sergii<\/strong>, Associate Professor, Candidate of Medical Sciences<\/p>\n<p>Teaching experience &#8211; 20 years. Medical experience &#8211; 23 years. Has the highest qualification category. Co-author of 1 textbook in English, 21 printed works and 1 patent.<\/p>\n<p><strong> \u00a0<\/strong><\/p>\n<p><strong> \u00a0<\/strong><\/p>\n<p><strong> \u00a0<\/strong><\/p>\n<p>&nbsp;<\/p>\n<p>&nbsp;<\/p>\n<p>&nbsp;<\/p>\n<p>&nbsp;<\/p>\n<p>&nbsp;<\/p>\n<p align=\"center\"><strong> \u00a0\u00a0<\/strong><\/p>\n<p align=\"center\"><strong> \u00a0\u00a0<\/strong><\/p>\n<p><strong><img loading=\"lazy\" decoding=\"async\" class=\"size-full wp-image-102712 alignleft\" src=\"\/wp-content\/uploads\/2021\/06\/Medvinska.jpg\" alt=\"\" width=\"164\" height=\"229\" \/><\/strong><\/p>\n<p><strong>Medvinska Natalia<\/strong>, Associate Professor, Candidate of Medical Sciences<\/p>\n<p><a href=\"https:\/\/orcid.org\/0009-0000-0876-2438\">https:\/\/orcid.org\/0009-0000-0876-2438<\/a><\/p>\n<p>Pedagogical experience &#8211; 22 years, medical experience &#8211; 25 years. Author of 27 publications and 2 patents for inventions.<\/p>\n<p>&nbsp;<\/p>\n<p>&nbsp;<\/p>\n<p>&nbsp;<\/p>\n<p>&nbsp;<\/p>\n<p>&nbsp;<\/p>\n<p>&nbsp;<\/p>\n<p>&nbsp;<\/p>\n<p>&nbsp;<\/p>\n<p>&nbsp;<\/p>\n<p>&nbsp;<\/p>\n<p>&nbsp;<\/p>\n<p>&nbsp;<\/p>\n<p><img loading=\"lazy\" decoding=\"async\" class=\"size-full wp-image-102713 alignleft\" src=\"\/wp-content\/uploads\/2021\/06\/Myhajlov.jpg\" alt=\"\" width=\"164\" height=\"228\" \/><\/p>\n<p><strong>Mikhailov Andrii<\/strong>, Associate Professor, Candidate of Medical Sciences<\/p>\n<p><a href=\"https:\/\/orcid.org\/0009-0002-8973-0327\">https:\/\/orcid.org\/0009-0002-8973-0327<\/a><\/p>\n<p>Author of 16 publications, 2 declarative patents of Ukraine for inventions.<\/p>\n<p>Responsible for the discipline &#8220;Propaedeutics of Prosthetic Dentistry&#8221;.<\/p>\n<p>&nbsp;<\/p>\n<p>&nbsp;<\/p>\n<p>&nbsp;<\/p>\n<p>&nbsp;<\/p>\n<p>&nbsp;<\/p>\n<p>&nbsp;<\/p>\n<p>&nbsp;<\/p>\n<p>&nbsp;<\/p>\n<p>&nbsp;<\/p>\n<p>&nbsp;<\/p>\n<p>&nbsp;<\/p>\n<p><img loading=\"lazy\" decoding=\"async\" class=\"size-full wp-image-102714 alignleft\" src=\"\/wp-content\/uploads\/2021\/06\/Parij.jpg\" alt=\"\" width=\"164\" height=\"229\" \/><\/p>\n<p><strong>Pariy Vitalii<\/strong>, Associate Professor, Candidate of Medical Sciences.<\/p>\n<p><a href=\"https:\/\/orcid.org\/0009-0005-2207-5307\">https:\/\/orcid.org\/0009-0005-2207-5307<\/a><\/p>\n<p>Author of 17 publications, include: 1 textbook for students of English-language forms of higher medical education 3-4 levels of accreditation, 2 patents for inventions. Teaching experience &#8211; 4 years, medical experience &#8211; 9 years.<\/p>\n<p>&nbsp;<\/p>\n<p>&nbsp;<\/p>\n<p>&nbsp;<\/p>\n<p>&nbsp;<\/p>\n<p>&nbsp;<\/p>\n<p>&nbsp;<\/p>\n<p>&nbsp;<\/p>\n<p>&nbsp;<\/p>\n<p align=\"center\"><strong> \u00a0\u00a0<\/strong><\/p>\n<p align=\"center\"><strong> \u00a0\u00a0<\/strong><\/p>\n<p><strong><img loading=\"lazy\" decoding=\"async\" class=\"size-full wp-image-102716 alignleft\" src=\"\/wp-content\/uploads\/2021\/06\/Skibitskyj.jpg\" alt=\"\" width=\"164\" height=\"229\" \/><\/strong><\/p>\n<p><strong>Skibitskiy Vadym<\/strong>, Associate Professor, Candidate of Medical Sciences<\/p>\n<p><a href=\"https:\/\/orcid.org\/0009-0009-1425-2261\">https:\/\/orcid.org\/0009-0009-1425-2261<\/a><\/p>\n<p>Responsible for an elective course of study in 3-5 courses.<\/p>\n<p>He has 26 publications, including 3 copyright certificates and 1 patent for an invention. Scientific interest &#8211; study and modeling of the occlusal surface of superstructures based on different types of implant systems. Study and improvement of knowledge of digital prosthetics protocol.<\/p>\n<p>&nbsp;<\/p>\n<p>&nbsp;<\/p>\n<p>&nbsp;<\/p>\n<p>&nbsp;<\/p>\n<p>&nbsp;<\/p>\n<p>&nbsp;<\/p>\n<p>&nbsp;<\/p>\n<p>&nbsp;<\/p>\n<p align=\"center\"><strong> \u00a0\u00a0<\/strong><\/p>\n<p align=\"center\"><strong> \u00a0\u00a0<\/strong><\/p>\n<p><strong><img loading=\"lazy\" decoding=\"async\" class=\"size-full wp-image-102718 alignleft\" src=\"\/wp-content\/uploads\/2021\/06\/Tyshko.jpg\" alt=\"\" width=\"164\" height=\"229\" \/><\/strong><\/p>\n<p><strong>Tyshko Dmytro<\/strong>, Associate Professor, Candidate of Medical Sciences<\/p>\n<p><a href=\"https:\/\/orcid.org\/0000-0003-4271-0812\">https:\/\/orcid.org\/0000-0003-4271-0812<\/a><\/p>\n<p>Author and co-author of 31 scientific publications, 1 declaratory patent. Responsible for the work of the electronic dean&#8217;s office at the Department of Prosthetic Dentistry.<\/p>\n<p>&nbsp;<\/p>\n<p>&nbsp;<\/p>\n<p>&nbsp;<\/p>\n<p>&nbsp;<\/p>\n<p align=\"center\"><strong>\u00a0<\/strong><\/p>\n<p>&nbsp;<\/p>\n<p align=\"center\"><strong>\u00a0<\/strong><\/p>\n<p><strong> \u00a0<\/strong><\/p>\n<p><strong><img loading=\"lazy\" decoding=\"async\" class=\"size-full wp-image-102721 alignleft\" src=\"\/wp-content\/uploads\/2021\/06\/Baranovskyj.jpg\" alt=\"\" width=\"164\" height=\"229\" \/><\/strong><\/p>\n<p><strong>Baranovskiy Oleksandr<\/strong>, Candidate of Medical Sciences, Assistant of the Department<\/p>\n<p><a href=\"https:\/\/orcid.org\/0009-0001-8381-9462\">https:\/\/orcid.org\/0009-0001-8381-9462<\/a><\/p>\n<p>Publications &#8211; 16, including 1 utility model patent. Has the highest medical category.<\/p>\n<p>Responsible for maintaining documentation (Regulations of the department) and mutual visits at the Department of Prosthetic Dentistry.<\/p>\n<p>Develops guidelines for students.<\/p>\n<p>&nbsp;<\/p>\n<p>&nbsp;<\/p>\n<p>&nbsp;<\/p>\n<p>&nbsp;<\/p>\n<p>&nbsp;<\/p>\n<p align=\"center\"><strong> \u00a0\u00a0<\/strong><\/p>\n<p align=\"center\"><strong> \u00a0\u00a0<\/strong><\/p>\n<p><strong><img loading=\"lazy\" decoding=\"async\" class=\"size-full wp-image-102722 alignleft\" src=\"\/wp-content\/uploads\/2021\/06\/Borysenko.jpg\" alt=\"\" width=\"164\" height=\"229\" \/><\/strong><\/p>\n<p><strong>Borysenko Denys<\/strong>, Assistant of the Department<\/p>\n<p><a href=\"https:\/\/orcid.org\/0009-0004-2982-6524\">https:\/\/orcid.org\/0009-0004-2982-6524<\/a><\/p>\n<p>Has 7 publications.<\/p>\n<p>&nbsp;<\/p>\n<p>&nbsp;<\/p>\n<p>&nbsp;<\/p>\n<p>&nbsp;<\/p>\n<p>&nbsp;<\/p>\n<p>&nbsp;<\/p>\n<p>&nbsp;<\/p>\n<p><strong><img loading=\"lazy\" decoding=\"async\" class=\"size-full wp-image-195555 alignleft\" src=\"https:\/\/nmuofficial.com\/wp-content\/uploads\/2024\/12\/3-17.jpg\" alt=\"\" width=\"162\" height=\"176\" \/><\/strong><\/p>\n<p><strong>Bohatyrova Daryna<\/strong>, Candidate of Medical Sciences, Assistant of the Department<\/p>\n<p><a href=\"https:\/\/orcid.org\/0000-0003-3779-4097\"><strong>https<\/strong><strong>:\/\/<\/strong><strong>orcid<\/strong><strong>.<\/strong><strong>org<\/strong><strong>\/0000-0003-3779-4097<\/strong><\/a><\/p>\n<p>Author of scientific publications and patents, doctor of the highest category, participant of international scientific conferences<\/p>\n<p><strong>\u00a0<\/strong><\/p>\n<p>&nbsp;<\/p>\n<p>&nbsp;<\/p>\n<p>&nbsp;<\/p>\n<p><img loading=\"lazy\" decoding=\"async\" class=\"size-full wp-image-102724 alignleft\" src=\"\/wp-content\/uploads\/2021\/06\/Dyadik.jpg\" alt=\"\" width=\"164\" height=\"229\" \/><\/p>\n<p><strong>Diadik Igor<\/strong>, Assistant of the Department<\/p>\n<p><a href=\"https:\/\/orcid.org\/0009-0006-2962-2155\">https:\/\/orcid.org\/0009-0006-2962-2155<\/a><\/p>\n<p>&nbsp;<\/p>\n<p>&nbsp;<\/p>\n<p>&nbsp;<\/p>\n<p>&nbsp;<\/p>\n<p>&nbsp;<\/p>\n<p>&nbsp;<\/p>\n<p align=\"center\"><strong>\u00a0\u00a0<\/strong><\/p>\n<p>&nbsp;<\/p>\n<p style=\"text-align: left;\"><strong><img loading=\"lazy\" decoding=\"async\" class=\"size-full wp-image-195556 alignleft\" src=\"https:\/\/nmuofficial.com\/wp-content\/uploads\/2024\/12\/4-2.png\" alt=\"\" width=\"162\" height=\"189\" \/><\/strong><\/p>\n<p><strong>Dumenko Mikhaylo<\/strong>, Candidate of Medical Sciences. Assistant of the Department<\/p>\n<p style=\"text-align: left;\"><strong>\u00a0<\/strong><\/p>\n<p><a href=\"https:\/\/orcid.org\/0009-0002-9924-7697\">https:\/\/orcid.org\/0009-0002-9924-7697<\/a><\/p>\n<p>Author of scientific publications and patents<\/p>\n<p align=\"center\"><strong>\u00a0\u00a0<\/strong><\/p>\n<p><strong> \u00a0\u00a0<\/strong><\/p>\n<p>&nbsp;<\/p>\n<p>&nbsp;<\/p>\n<p>&nbsp;<\/p>\n<p><strong><img loading=\"lazy\" decoding=\"async\" class=\"size-full wp-image-102725 alignleft\" src=\"\/wp-content\/uploads\/2021\/06\/Kysil.jpg\" alt=\"\" width=\"164\" height=\"229\" \/><\/strong><\/p>\n<p><strong>Kysil Zinaida<\/strong>, Candidate of Medical Sciences, Assistant of the Department<\/p>\n<p><a href=\"https:\/\/orcid.org\/0009-0009-7234-1465\">https:\/\/orcid.org\/0009-0009-7234-1465<\/a><\/p>\n<p>Author of 37 scientific publications in foreign and domestic publications.<\/p>\n<p>Responsible for planning and accounting of pedagogical workload.<\/p>\n<p>&nbsp;<\/p>\n<p>&nbsp;<\/p>\n<p>&nbsp;<\/p>\n<p>&nbsp;<\/p>\n<p>&nbsp;<\/p>\n<p>&nbsp;<\/p>\n<p>&nbsp;<\/p>\n<p>&nbsp;<\/p>\n<p><img loading=\"lazy\" decoding=\"async\" class=\"size-full wp-image-102726 alignleft\" src=\"\/wp-content\/uploads\/2021\/06\/Lysejko.jpg\" alt=\"\" width=\"164\" height=\"229\" \/><\/p>\n<p><strong>Lyseiko Nazar<\/strong>, Candidate of Medical Sciences, Assistant of the Department<\/p>\n<p><a href=\"https:\/\/orcid.org\/0009-0006-8640-8630\">https:\/\/orcid.org\/0009-0006-8640-8630<\/a><\/p>\n<p>Research interests: functional diagnostics in prosthetic dentistry, practical application of computerized systems in orthopedic dentistry. Author of 15 scientific publications.<\/p>\n<p>Has created high level diagnostic complex, which includes: 1) computer analysis of occlusion T-Scan (USA); 2) electromyograph BioEMG 3 (USA); 3) noise analyzer in the TMJ Bio JVA (USA); 4) computer axiograph Cadiax Diagnostic (Austria); 5) Quadra Tens (USA) masticatory muscle stimulator; 6) various articulator systems.<\/p>\n<p>Responsible for the work of the office of functional diagnostics.<\/p>\n<p>&nbsp;<\/p>\n<p>&nbsp;<\/p>\n<p>&nbsp;<\/p>\n<p>&nbsp;<\/p>\n<p>&nbsp;<\/p>\n<p>&nbsp;<\/p>\n<p>&nbsp;<\/p>\n<p><img loading=\"lazy\" decoding=\"async\" class=\"size-full wp-image-102729 alignleft\" src=\"\/wp-content\/uploads\/2021\/06\/Prohorov.jpg\" alt=\"\" width=\"164\" height=\"229\" \/><\/p>\n<p><strong>Prokhorov Sviatoslav<\/strong>, Candidate of Medical Sciences, Assistant of the Department<\/p>\n<p>Research interests: improvement modern orthopedic methods restoration teeth crown, improvement efficiency and development of new principles and methods of providing dental care in the combat zone. He has 8 scientific publications, 4 utility model patents and 3 declaratory patents of Ukraine. Doctor of the highest qualification category.<\/p>\n<p>&nbsp;<\/p>\n<p>&nbsp;<\/p>\n<p>&nbsp;<\/p>\n<p>&nbsp;<\/p>\n<p>&nbsp;<\/p>\n<p>&nbsp;<\/p>\n<p>&nbsp;<\/p>\n<p align=\"center\"><strong> \u00a0\u00a0<\/strong><\/p>\n<p align=\"center\"><strong> \u00a0\u00a0<\/strong><\/p>\n<p><strong> \u00a0<\/strong><\/p>\n<p><img loading=\"lazy\" decoding=\"async\" class=\"size-full wp-image-102730 alignleft\" src=\"\/wp-content\/uploads\/2021\/06\/Symonenko.jpg\" alt=\"\" width=\"164\" height=\"229\" \/><\/p>\n<p><strong>Symonenko Vasyl<\/strong>, Assistant of the Department<\/p>\n<p>Author of 21 scientific publications and 3 patents. The main direction of work is prosthetics of patients with clasp prostheses and maxillofacial devices. Responsible for educational work with students at the department<\/p>\n<p>&nbsp;<\/p>\n<p>&nbsp;<\/p>\n<p>&nbsp;<\/p>\n<p>&nbsp;<\/p>\n<p>&nbsp;<\/p>\n<p>&nbsp;<\/p>\n<p>&nbsp;<\/p>\n<p>&nbsp;<\/p>\n<p>&nbsp;<\/p>\n<p align=\"center\"><strong> \u00a0\u00a0<\/strong><\/p>\n<p align=\"center\"><strong> \u00a0\u00a0<\/strong><\/p>\n<p><strong> \u00a0<\/strong><\/p>\n<p><strong><img loading=\"lazy\" decoding=\"async\" class=\"size-full wp-image-102731 alignleft\" src=\"\/wp-content\/uploads\/2021\/06\/Symonenko-Renata.jpg\" alt=\"\" width=\"164\" height=\"229\" \/><\/strong><\/p>\n<p><strong>Symonenko Renata<\/strong>, Candidate of Medical Sciences, Assistant of the Department<\/p>\n<p><a href=\"https:\/\/orcid.org\/0000-0003-4618-6229\">https:\/\/orcid.org\/0000-0003-4618-6229<\/a><\/p>\n<p>Responsible for medical and industrial practice in orthopedic dentistry of 2nd and 4th year students.<\/p>\n<p>&nbsp;<\/p>\n<p>&nbsp;<\/p>\n<p>&nbsp;<\/p>\n<p>&nbsp;<\/p>\n<p>&nbsp;<\/p>\n<p><strong> \u00a0<\/strong><strong>\u00a0<\/strong><\/p>\n<p align=\"center\"><strong> \u00a0\u00a0<\/strong><\/p>\n<p align=\"center\"><strong>\u00a0\u00a0<\/strong><\/p>\n<p><strong> \u00a0<\/strong><\/p>\n<p align=\"center\"><strong> \u00a0\u00a0<\/strong><\/p>\n<p align=\"center\"><strong> \u00a0\u00a0<\/strong><\/p>\n<p><strong> \u00a0<\/strong><\/p>\n<p><strong><img loading=\"lazy\" decoding=\"async\" class=\"size-full wp-image-102732 alignleft\" src=\"\/wp-content\/uploads\/2021\/06\/Tereshhuk.jpg\" alt=\"\" width=\"164\" height=\"229\" \/><\/strong><\/p>\n<p><strong>Tereshchuk Olena<\/strong>, Candidate of Medical Sciences, Assistant of the Department<\/p>\n<p><a href=\"https:\/\/orcid.org\/0000-0003-2472-1526\">https:\/\/orcid.org\/0000-0003-2472-1526<\/a><\/p>\n<p>Author of 20 scientific publications, 2 utility model patents. She has prepared students to speak at the students conference and young scientists &#8220;Dental Innovations 2012&#8221;.<\/p>\n<p>&nbsp;<\/p>\n<p>&nbsp;<\/p>\n<p align=\"center\"><strong>\u00a0<\/strong><\/p>\n<p align=\"center\"><strong> \u00a0\u00a0<\/strong><\/p>\n<p><strong> \u00a0<\/strong><\/p>\n<p>&nbsp;<\/p>\n<p style=\"text-align: left;\"><strong><img loading=\"lazy\" decoding=\"async\" class=\"size-full wp-image-195556 alignleft\" src=\"https:\/\/nmuofficial.com\/wp-content\/uploads\/2024\/12\/4-2.png\" alt=\"\" width=\"162\" height=\"189\" \/><\/strong><\/p>\n<p><strong>Dumenko Mikhaylo<\/strong>, Candidate of Medical Sciences. Assistant of the Department<\/p>\n<p><a href=\"https:\/\/orcid.org\/0009-0002-9924-7697\">https:\/\/orcid.org\/0009-0002-9924-7697<\/a><\/p>\n<p>Author of scientific publications and patents<\/p>\n<p>&nbsp;<\/p>\n<p><strong> \u00a0\u00a0<\/strong><\/p>\n<p>&nbsp;<\/p>\n<p>&nbsp;<\/p>\n<p>&nbsp;<\/p>\n<p><strong><img loading=\"lazy\" decoding=\"async\" class=\"size-full wp-image-102733 alignleft\" src=\"\/wp-content\/uploads\/2021\/06\/Tyazhkorob.jpg\" alt=\"\" width=\"164\" height=\"229\" \/><\/strong><\/p>\n<p><strong>Tiazhkorob Tetiana<\/strong>, Candidate of Medical Sciences, Assistant of the Department<\/p>\n<p><a href=\"https:\/\/orcid.org\/0000-0003-1917-0213\">https:\/\/orcid.org\/0000-0003-1917-0213<\/a><\/p>\n<p>Doctor of the highest category. He has 30 publications, including 1 manual and 2 patents for inventions.<\/p>\n<p>&nbsp;<\/p>\n<p><strong> \u00a0<\/strong><\/p>\n<p>&nbsp;<\/p>\n<p align=\"center\"><strong>\u00a0<\/strong><\/p>\n<p>&nbsp;<\/p>\n<p>&nbsp;<\/p>\n<p>&nbsp;<\/p>\n<p>&nbsp;<\/p>\n<p>&nbsp;<\/p>\n<p>&nbsp;<\/p>\n<p><strong> \u00a0<\/strong><\/p>","protected":false},"excerpt":{"rendered":"<p>&nbsp; \u00a0 NespryadkoValeriy Head of the Department, professor, Doctor of Medical Science https:\/\/orcid.org\/0000-0003-4165-3801 &nbsp; In 1967 he has graduated Kyiv Medical Institute with honors. Listed in the Golden Book of Honor of NMU. OO Bogomolets. In 1969 he has graduated from the clinical residency, and in 1971 &#8211; graduate school at the Department of Prosthetic [&hellip;]<\/p>\n","protected":false},"author":57,"featured_media":0,"parent":11035,"menu_order":30,"comment_status":"closed","ping_status":"closed","template":"","meta":{"inline_featured_image":false,"footnotes":""},"class_list":["post-11039","page","type-page","status-publish","hentry"],"_links":{"self":[{"href":"https:\/\/nmuofficial.com\/en\/wp-json\/wp\/v2\/pages\/11039","targetHints":{"allow":["GET"]}}],"collection":[{"href":"https:\/\/nmuofficial.com\/en\/wp-json\/wp\/v2\/pages"}],"about":[{"href":"https:\/\/nmuofficial.com\/en\/wp-json\/wp\/v2\/types\/page"}],"author":[{"embeddable":true,"href":"https:\/\/nmuofficial.com\/en\/wp-json\/wp\/v2\/users\/57"}],"replies":[{"embeddable":true,"href":"https:\/\/nmuofficial.com\/en\/wp-json\/wp\/v2\/comments?post=11039"}],"version-history":[{"count":36,"href":"https:\/\/nmuofficial.com\/en\/wp-json\/wp\/v2\/pages\/11039\/revisions"}],"predecessor-version":[{"id":219893,"href":"https:\/\/nmuofficial.com\/en\/wp-json\/wp\/v2\/pages\/11039\/revisions\/219893"}],"up":[{"embeddable":true,"href":"https:\/\/nmuofficial.com\/en\/wp-json\/wp\/v2\/pages\/11035"}],"wp:attachment":[{"href":"https:\/\/nmuofficial.com\/en\/wp-json\/wp\/v2\/media?parent=11039"}],"curies":[{"name":"wp","href":"https:\/\/api.w.org\/{rel}","templated":true}]}}