{"id":10873,"date":"2016-06-11T17:35:41","date_gmt":"2016-06-11T17:35:41","guid":{"rendered":"http:\/\/nmu.ua\/kafedri\/kafedra-fylosofyy-y-sotsyologyy\/istoriya-kafedry\/"},"modified":"2025-04-01T11:51:08","modified_gmt":"2025-04-01T08:51:08","slug":"istoriya-kafedry","status":"publish","type":"page","link":"https:\/\/nmuofficial.com\/en\/zagalni-vidomosti\/kafedri\/kafedra-philosophy-bioethics-and-history-of-medicine\/istoriya-kafedry\/","title":{"rendered":"History of the department"},"content":{"rendered":"<p>The activity of the department of Philosophy, Bioethics and History of Medicine is an integral part of a strong tradition of philosophical and humanitarian education that emerged in our university.<\/p>\n<p>&nbsp;<\/p>\n<p>Courses of philosophical disciplines were taught at the medical faculty from the very beginning of its existence at the University of St. Vladimir.<\/p>\n<p>&nbsp;<\/p>\n<p>Department of Philosophy provided teaching philosophy, logic, psychology, history of philosophy and natural law etc.<\/p>\n<p>&nbsp;<\/p>\n<p>After the reorganization in 1920-1921 and foundation of the Kyiv Medical Institute (KMI) there was the Department of Marxism-Leninism (1925) among the newly established departments of KMI. Courses of political economy, history of socialism, dictatorship of the proletariat, dialectical and historical materialism were taught. In 1956-1957 department of Marxism-Leninism was transformed into three independent departments, including the department of Dialectical and Historical Materialism, which later was renamed the department of Marxist-Leninist Philosophy.<\/p>\n<p>&nbsp;<\/p>\n<p>The historical name \u201cdepartment of Philosophy\u201d was returned according to the KMI\u2019s order No 128 of July 11, 1990. Department of Dialectical and Historical Materialism (Philosophy) has launched a substantial research into the philosophical problems of medicine, which is reflected in the two collections of KMI works entitled \u201cSome philosophical questions of medicine and science\u201d in 1957-1960. Among the authors of collections were not only philosophers, but also leading experts in the field of medicine and biology: academician M.M. Syrotynin, academician L.V. Hromashevskyi, Corresponding Member of the AMS H.Kh. Shakhbazian, Professors V.V. Frolkis, Ya.P. Frumkin, V.P. Rudin and others. This was the first and very fruitful attempt to restore joint development of current methodological problems of medicine, the origin of which dates back to the foundation of Medical Faculty of the Imperial University of St. Vladimir that is considered to be founded by Nikolay Pirogov.<\/p>\n<p>&nbsp;<\/p>\n<p>The founders of the newly created department were associate professor L.V. Harkusha (head of department from 1956 to 1962), associate professor M.O. Logvyn, A.I. Klevtsov, S.S. Hurvych.<\/p>\n<p>&nbsp;<\/p>\n<p>In April 1963 Professor Eugene H. Fedorenko was appointed to the position of the head of the Department of Philosophy. Specializing in issues of ethics, Eugene H. Fedorenko paid dominant attention to the research of problems of medical ethics and deontology, traditional philosophical questions of medicine. Resulting this work, Fedorenko in collaboration with his postgraduate student O.I. Smolniakov have been issued the first in the USSR monograph \u201cMedical Ethics\u201d (1978).<\/p>\n<p>&nbsp;<\/p>\n<p>The second direction of work of the department headed by Fedorenko was the preparation and publication of the \u201cPhilosophical Questions of Medicine and Biology\u201d interagency scientific collection. The first issue of scientific collection was published in 1965, and the last, the 23rd \u2013 in 1991.<\/p>\n<p>&nbsp;<\/p>\n<p>Associate professor H.A. Rubtsov was acting head of department in 1969-1973.<\/p>\n<p>&nbsp;<\/p>\n<p><img loading=\"lazy\" decoding=\"async\" class=\"\" src=\"\/img\/kaferd\/k51\/image7.jpg\" alt=\"\" width=\"143\" height=\"221\" \/><\/p>\n<p><em><strong>Mykola V. <\/strong><\/em><strong><em>Popov<\/em><\/strong><em>\u00a0(1930-2015), Head of the Department of Philosophy of the NMU (1973-2008), Doctor of Philosophical Science, Professor<\/em><\/p>\n<p>&nbsp;<\/p>\n<p>Doctor of Philosophical Science, Professor Mykola V. Popov headed Department of Philosophy from 1973 to 2008. Mykola V. Popov is known philosopher, author of more than 280 works, including 5 textbooks, 12 scientific monographs. His research interests covered a wide range of issues, including philosophical issues of biology, ecology and medicine, scientific methodology and pedagogy of higher education, philosophy of religion and others.<\/p>\n<p>&nbsp;<\/p>\n<p>Among the last works of Professor Popov it should be noted: the monographs \u201cAxiology and Medicine\u201d (2003); \u201cBioethics: Philosophical and Methodological, Social and Health Problems\u201d (co-authored, 2005); textbook \u201cPhilosophy of Religion\u201d (2007); \u201cThe Creative Heritage of Ibn Sina and Modernity\u201d (collective monograph: Executive editors \u2013 Professor M.V. Popov, Doctor M.S. Vatankha, 2009); finally, textbook \u201cLogic\u201d, was published just before the philosopher passed away.<\/p>\n<p>&nbsp;<\/p>\n<p>Professor Popov was diverse creative personality. His significant achievements were translations into Ukrainian of Persian poets \u2013 Hafez, Saadi Shirazi, Omar Khayyam, and the other representatives of Eastern, European and Russian literature (Petrarca, Shakespeare, Mickiewicz, Pushkin, Lermontov, Vysotsky, Brodsky), as well as compilations of anthology of world poetry.<\/p>\n<p>&nbsp;<\/p>\n<p>During the years of independent Ukraine the teaching staff of the Department undertook a fundamental revision of all educational programs on philosophical disciplines. Basing on the typical program of philosophy for students of medicine in 1994 Department for the first time published in Ukrainian a textbook of philosophy that has been released in almost all medical universities in Ukraine. In 1999 textbook \u201cPhilosophy\u201d for students of higher medical institutions of Ukraine received the Yaroslav the Wise award of the Academy of Sciences of High School of Ukraine. Basing on the new typical program of philosophy (2000) a textbook of philosophy for students of medicine approved by the Ministry of Public Health of Ukraine was published in 2005 (executive editors \u2013 M.V. Popov and O.O. Zakordonets).<\/p>\n<p>&nbsp;<\/p>\n<p>In 1991, the multidisciplinary Department of Sociology was established at the KMI. Department was headed by: professor Nina I. Pasko, since 2000 \u2013 associate professor Ivan M. Sakharchuk, 2003-2008 \u2013 professor Volodymyr P. Liakhotskyi.<\/p>\n<p>&nbsp;<\/p>\n<p align=\"justify\"><img loading=\"lazy\" decoding=\"async\" class=\"\" src=\"\/img\/kaferd\/k51\/image6.jpg\" alt=\"\" width=\"146\" height=\"201\" \/><\/p>\n<p><em><strong>Nina I. Pasko,\u00a0<\/strong><\/em><em>Head of the Department of Sociology of the NMU (1991-2000), Doctor of Philosophical Science, Professor<\/em><\/p>\n<p>&nbsp;<\/p>\n<p>The change of content of subjects of Social Sciences and forms of their application had a great importance in the work of the multidisciplinary department, particularly scientific and methodological support and implementation of new normative disciplines as the History of Ukraine, the Principles of Economic Theory, Political Science, the Fundamentals of Constitutional Law of Ukraine, Ukrainian and Foreign Culture, and elective courses \u2013 the Problems of Intellectuals and Intelligence, World Culture, the Power Studies (developed by associate professor Sakharchuk) and others.<\/p>\n<p>&nbsp;<\/p>\n<p>The significant merit of the department staff was the introduction to the system of higher medical education of Ukraine of normative Sociology course, and since 2005 \u2013 Sociology and Medical Sociology, and conduction of applied social researches at the NMU. Acting as the supporting department of sociology, according to the order of the Ministry of Public Health of Ukraine, Department of Sociology constantly gave methodical help to the similar departments of higher medical institutions of Ukraine.<\/p>\n<p>&nbsp;<\/p>\n<p>In 2008 according to the decision of the Academic Council of the NMU, the Departments of Philosophy and Sociology were reorganized to the Department of Philosophy and Sociology. Since August 2008 the Department of Philosophy and Sociology of the NMU is headed by Iryna V. Vasylieva, Doctor of Philosophical Science (2011), Professor (2014).<\/p>\n<p>&nbsp;<\/p>\n<p align=\"justify\"><img loading=\"lazy\" decoding=\"async\" class=\"\" src=\"\/img\/kaferd\/k51\/image8.jpg\" alt=\"\" width=\"140\" height=\"188\" \/><\/p>\n<p><em><strong>Iryna V. Vasylieva,<\/strong><\/em> <em>Head of the Department of Philosophy and Sociology of the NMU, Doctor of Philosophical Science, Professor<\/em><\/p>\n<p>&nbsp;<\/p>\n<p><img loading=\"lazy\" decoding=\"async\" class=\"aligncenter size-full wp-image-34515\" src=\"http:\/\/nmu.ua\/wp-content\/uploads\/2016\/06\/ist_1.jpg\" alt=\"ist_1\" width=\"490\" height=\"328\" \/><\/p>\n<p style=\"text-align: center;\"><em>Employees of the Department of Philosophy and Sociology, 2009<\/em><\/p>\n<p>&nbsp;<\/p>\n<p>Department of Philosophy and Sociology of the Bogomolets National Medical University is supporting department on philosophy for medical universities of Ukraine. Teaching staff of the created department prepared new typical programs on philosophy and other philosophical disciplines (\u201cLogic, Formal Logic\u201d, \u201cEthical Issues in Medicine\u201d, \u201cTheory of Cognition and Medicine\u201d, etc.) for the students of medical, dental and medico-psychological faculties for credit-modular and credit-transfer systems that have been discussed and approved at the meetings of heads of departments (courses) of philosophy of medical and pharmaceutical universities of Ukraine. In 2016 according to the Law of Ukraine \u201cOn Higher Education\u201d, recommendations of the Ministry of Education and Science and Ministry of Public Health of Ukraine educational programs for doctors of philosophy were developed \u2013 \u201cPhilosophy of Science and Bioethics\u201d, \u201cPhilosophy and Methodology of Scientific and Medical Cognition\u201d.<\/p>\n<p>&nbsp;<\/p>\n<p>In addition to normative disciplines \u2013 \u201cPhilosophy\u201d, \u201cBasics of Bioethics and Biosafety\u201d \u2013 department provides teaching of 12 elective disciplines: \u201cEthics\u201d, \u201cAesthetics\u201d, \u201cReligion Studies\u201d, \u201cSociology and Medical Sociology\u201d, \u201cPolitical Science\u201d etc. in Ukrainian, Russian and English.<\/p>\n<p>&nbsp;<\/p>\n<p>One of the priority directions of teaching and educational work in the NMU is providing continuous humanitarian education, including ethical, spiritual development of medical students. Implementation of free choice for humanitarian disciplines from 1st to 5th year of studying in the curriculum of the NMU significantly contributes in achievement of these goals. For example, learning of general ethical principles and norms by first-year students later deepens with the help of fundamental philosophical knowledge, continues during the senior courses when studying normative discipline \u201cBasics of Bioethics and Biosafety\u201d, elective course \u201cEthical Issues of Medicine\u201d (3rd year), \u201cFundamentals of Christian Ethics\u201d (4-5 years). Teachers of the department (K.Ye. Kachan, O.O. Kudyn) developed a program for parallel course on the Fundamentals of Islamic Ethics considering the students\u2019 confession and interest. Teaching philosophy and other humanities is based on the principles of dialogue, polemic, equal representation of different directions and conceptual approaches, tolerance and religious impartiality.<\/p>\n<p>&nbsp;<\/p>\n<p><img loading=\"lazy\" decoding=\"async\" class=\"aligncenter size-full wp-image-34516\" src=\"http:\/\/nmu.ua\/wp-content\/uploads\/2016\/06\/ist_2.jpg\" alt=\"ist_2\" width=\"380\" height=\"227\" \/><\/p>\n<p><em>Head of the Department of Philosophy and Sociology, Professor Vasylieva (center) discusses the issues of departmental life with Professor Popov (head of department 1973-2008), associate professor Sakharchuk (head of the department of Sociology 2000-2002), and associate professors \u00a0Nikiforova and Yezikian (from right to left).<\/em><\/p>\n<p>&nbsp;<\/p>\n<p>The creation of sociology group on the basis of the Department of Philosophy and Sociology (2008), which included not only teachers-experts in social sciences, but also the representatives of student self-government, contributed optimization of teaching and educational process, as well as other directions of work on the University. For example, in the 2014-2015 academic year anonymous survey with 9680 respondents has been conducted, in 2015-2016 academic year \u2013 10200 students, graduates, inters were surveyed on the quality of educational services provided by the departments of University. To evaluate the quality of scheduled sociological studies the external audit is used. It is conducted by experts of the Institute of Sociology of NAS of Ukraine, Center for Social Technologies \u201cSociopolis\u201d, experts in the implementation of quality management systems according to standards ISO 9001:2008. The results of the anonymous survey are regularly discussed at meetings of the Academic Council of the NMU, taken into account by the University management for improving the system of analysis and proper decision-making.<\/p>\n<p>&nbsp;<\/p>\n<p>In 2018 according to the decision of the Academic Council of the NMU, Department of Philosophy and Sociology was reorganized into the Department of Philosophy, Bioethics and History of Medicine, which made the Department the supporting one for \u201cPhilosophy\u201d and \u201cHistory of Medicine\u201d for medical universities in Ukraine. \u201cHistory of Medicine\u201d joined such normative disciplines as \u201cPhilosophy\u201d and \u201cBasics of Bioethics and Biosafety\u201d and number of elective disciplines increased up to 18.<\/p>\n<p>&nbsp;<\/p>\n<p>Considering the further study of the philosophical problems of medicine and given the multidisciplinary nature of the department particular attention is paid to the development of initiative-search topics of scientific and research works \u201cProblem of human health: socio-cultural factors\u201d (2010 \u2013 2013), \u201cMethodological aspects of the social-humanitarian component of high medical education\u201d (2014 \u2013 2016), \u201cModern social concepts: socio-philosophical and religious aspects\u201d ( 2017 \u2013 2019), \u201cThe phenomenon of medicine: philosophical, religious, and historical dimensions\u201d (2020 \u2013 2022). The research resulted release of more than 10 monographs, textbooks and manuals (Vasylieva I.V. \u201cA Man in Religious Dimension\u201d, Sakharchuk I.M. (co-authored) \u201cMykola Kudrytskyi: Physician. Teacher. Scientist\u201d, Hololobova K.O. \u201cPhilosophy of the Near and Middle East of the 7th \u2013 14th Centuries\u201d, Ishchuk N.V. \u201cModern Orthodox Theory of Dialogue\u201d, Shevchenko S.L. (co-authored) \u201cTransformation of the Foundations of Philosophy in the Postmodern Era\u201d, Stupak F.Ya. \u201cHistory of Medicine\u201d, Vasylieva I.V. (co-authored) \u201cTheoretical Issues of Modern Ethics\u201d, <strong>Vas<\/strong><strong>y<\/strong><strong>l<\/strong><strong>i<\/strong><strong>eva<\/strong> I.V., Vermenko A.Yu. \u201cPhilosophy and General Philosophy of Medicine: study guide\u201d and others, more than 250 articles have been published in professional and foreign editions.<\/p>\n<p>&nbsp;<\/p>\n<p>Department pays considerable attention to the research work, improvement of the level of scientific competence of teachers. During the past 10 years at the department, 3 doctoral theses (Iryna V. Vasylieva, Ivan B. Ostashchuk and Nataliia V. Ishchuk), 5 PhD theses of the department\u2019s employees were presented.<\/p>\n<p>&nbsp;<\/p>\n<p>The department\u2019s ties have expanded not only with the leading domestic (Taras Shevchenko National University of Kyiv, Faculty of Philosophy; Gregory Skovoroda Institute of Philosophy of the NAS of Ukraine; National Pedagogical Dragomanov University; National Aviation University, etc.), but also with foreign scientific institutions and universities. In 2016, the department joined an international project with the participation of the \u201cHumanus\u201d Center for Personality Development and Gregory Skovoroda Institute of Philosophy of the NAS of Ukraine. The project is involved in editing a multilingual Bulgarian-Ukrainian special issue of the \u201cIdeas: Philosophical Magazine\u201d that will restore the 36-year experience of publishing activity of the Department of Philosophy of the KMI (1956 \u2013 1991) and will help to develop new guidelines and perspectives in the work of the Department.<\/p>\n<p>&nbsp;<\/p>\n<p>In 2018 under the auspices of the Ministry of Health of Ukraine, the Department started holding an annual international scientific and practical conference (June 11-12) dedicated to the memory of St. Luke (Valentin F. Voyno-Yasenetsky). In conducting and organizing a conference, the Department cooperates with the \u201cHumanus\u201d Center for Personality Development (Bulgaria), Institute of Social Medicine and Medical Ethics of the Faculty of Medicine of Comenius University in Bratislava (Slovak Republic), teaching staff of the Charles University (Czech Republic). Head of the department, Professor Iryna V. Vasylieva was a reviewer of the monograph \u201cIslamic Bioethics and Reproduction: the Text and the Practice\u201d (2019) written by the teachers of the Institute of Social Medicine and Medical Ethics of the Faculty of Medicine, Comenius University in Bratislava: Monika Zavi\u0161, Eva Orbanov\u00e1, Michal Vivoda, Kate\u0159ina Hor\u00e1\u010dkov\u00e1, Abdulwahab Al-Sbenaty.<\/p>\n<p>&nbsp;<\/p>\n<p>&nbsp;<\/p>\n<p>&nbsp;<\/p>\n<p>&nbsp;<\/p>\n<p>&nbsp;<\/p>\n<p>&nbsp;<\/p>\n<p>&nbsp;<\/p>","protected":false},"excerpt":{"rendered":"<p>The activity of the department of Philosophy, Bioethics and History of Medicine is an integral part of a strong tradition of philosophical and humanitarian education that emerged in our university. &nbsp; Courses of philosophical disciplines were taught at the medical faculty from the very beginning of its existence at the University of St. Vladimir. &nbsp; [&hellip;]<\/p>\n","protected":false},"author":46,"featured_media":0,"parent":10870,"menu_order":10,"comment_status":"closed","ping_status":"closed","template":"","meta":{"inline_featured_image":false,"footnotes":""},"class_list":["post-10873","page","type-page","status-publish","hentry"],"_links":{"self":[{"href":"https:\/\/nmuofficial.com\/en\/wp-json\/wp\/v2\/pages\/10873","targetHints":{"allow":["GET"]}}],"collection":[{"href":"https:\/\/nmuofficial.com\/en\/wp-json\/wp\/v2\/pages"}],"about":[{"href":"https:\/\/nmuofficial.com\/en\/wp-json\/wp\/v2\/types\/page"}],"author":[{"embeddable":true,"href":"https:\/\/nmuofficial.com\/en\/wp-json\/wp\/v2\/users\/46"}],"replies":[{"embeddable":true,"href":"https:\/\/nmuofficial.com\/en\/wp-json\/wp\/v2\/comments?post=10873"}],"version-history":[{"count":3,"href":"https:\/\/nmuofficial.com\/en\/wp-json\/wp\/v2\/pages\/10873\/revisions"}],"predecessor-version":[{"id":202613,"href":"https:\/\/nmuofficial.com\/en\/wp-json\/wp\/v2\/pages\/10873\/revisions\/202613"}],"up":[{"embeddable":true,"href":"https:\/\/nmuofficial.com\/en\/wp-json\/wp\/v2\/pages\/10870"}],"wp:attachment":[{"href":"https:\/\/nmuofficial.com\/en\/wp-json\/wp\/v2\/media?parent=10873"}],"curies":[{"name":"wp","href":"https:\/\/api.w.org\/{rel}","templated":true}]}}