{"id":10258,"date":"2016-06-10T17:16:18","date_gmt":"2016-06-10T17:16:18","guid":{"rendered":"http:\/\/nmu.ua\/kafedri\/kafedra-obshhej-hyrurgyy-1\/mizhnarodne-spivrobitnytstvo\/"},"modified":"2026-02-13T12:02:06","modified_gmt":"2026-02-13T09:02:06","slug":"mizhnarodne-spivrobitnytstvo","status":"publish","type":"page","link":"https:\/\/nmuofficial.com\/en\/zagalni-vidomosti\/kafedri\/kafedra-obshhej-hyrurgyy-1\/mizhnarodne-spivrobitnytstvo\/","title":{"rendered":"INTERNATIONAL COOPERATION"},"content":{"rendered":"<p>&nbsp;<\/p>\n<p><em>Staff in charge <u>\u2013 <\/u><\/em><u>Serhii Zemskov, Professor, DMSc<\/u><u>, <\/u><u>+38<\/u><u>\u00a0<\/u><u>095\u00a0285<\/u><u>\u00a0<\/u><u>70<\/u><u>\u00a0<\/u><u>00<\/u><u>,<\/u> <a href=\"mailto:szemskov@yahoo.com\"><u>szemskov<\/u><u>@<\/u><u>yahoo<\/u><u>.<\/u><u>com<\/u><\/a><\/p>\n<p><strong>\u00a0<\/strong><\/p>\n<p>In 2013, the Department began academic cooperation with the clinics of Technical University of Munich within the framework of the Interuniversity Academic Cooperation international project. The project aims include:<\/p>\n<ul>\n<li>clinical experience exchange (teleconferences, clinical discussions, bilateral internships);<\/li>\n<li>academic experience exchange (lectures and telelectures for students, faculty members and doctors);<\/li>\n<li>joint research and publications (in domestic and international periodicals).<\/li>\n<\/ul>\n<p align=\"center\"><img loading=\"lazy\" decoding=\"async\" src=\"\/img\/kaferd\/k19\/mizh\/kaf19-6_clip_image002.gif\" alt=\"\" width=\"332\" height=\"231\" \/><\/p>\n<p>In 2013, the Department of General Surgery No.\u00a01 began its cooperation with the Circulating Tumor Biomarkers Laboratory of Institut Curie (Paris, France) within the framework of the International Agreement for Scientific Cooperation No. MTA 20130067. The research is aimed at studying the dynamic pattern of the concentration of circulating tumor DNA in plasma samples of patients with non-metastatic pancreatic cancer after surgical removal of the primary tumor.<\/p>\n<p align=\"center\"><img loading=\"lazy\" decoding=\"async\" src=\"\/img\/kaferd\/k19\/mizh\/kaf19-6_clip_image004.jpg\" alt=\"\" width=\"219\" height=\"140\" \/><\/p>\n<p>&nbsp;<\/p>\n<p>The Department\u2019s academic staff is a member of such international associations and societies:<\/p>\n<ul>\n<li>International Association of Pancreatology (IAP)<\/li>\n<li>European Pancreatic Club (EPC)<\/li>\n<li>International Hepato-Pancreato-Biliary Association (IHPBA)<\/li>\n<li>European Association for Endoscopic Surgery (EAES)<\/li>\n<li>European Society for Medical Oncology (ESMO)<\/li>\n<li>European Society for Surgical Oncology (ESSO)<\/li>\n<li>European Wound Management Association (EWMO).<\/li>\n<\/ul>\n<p>They regularly participate in conferences and masterclasses organized by these societies as lecturers and audience members.<\/p>\n<p>Academic staff\u2019s internships, international award and grants received by the staff, Department\u2019s participation in international conferences<\/p>\n<p>In October \u2013 November 2017, two faculty members of the Department of General Surgery No.\u00a01 \u2013 Associate Professor Serhii Zemskov and Associate Professor Kyrylo Burmich \u2013 did internships at leading German clinics.<\/p>\n<p>In particular, the NMU specialists interned at the Surgery Clinic of the University Hospital Schleswig-Holstein (L\u00fcbeck, Germany).<\/p>\n<p>The University Hospital is the home of the internationally acclaimed Center for Pancreatic Surgery lead by Professor Tobias Keck. The Center focuses on the development and implementation of innovative methods of surgical treatment of the organs of hepato-pancreato-biliary area using minimally invasive and endovideosurgcial technologies.<\/p>\n<p>During his internship, Associate Professor Burmich took part in daily morning meetings, medical rounds and patient examinations, workups and treatment of in-patients, medical duties, consultations for patients in other departments of the clinic and in surgeries. The Hospital holds regular thematic advanced trainings and seminars in various areas of surgery. Over the course of his internship, Associate Professor Burmich participated in the training session of the German Society for General and Visceral Surgery (Deutsche Gesellschaft f\u00fcr Allgemeine- und Viszeralchirurgie (DGAV) entitled \u201cMethods and Skills in Laparoscopic Surgery of the Pancreas\u201d, a workshop \u201cMethods and Skills in Laparoscopic Surgery of the Pancreas\u201d organized by <em>Olympus<\/em>, a workshop \u201cMethods and Skills in Laparoscopic Colorectal Surgery\u201d organized by Pfizer.<\/p>\n<p>The University of L\u00fcbeck developed <em>L\u00fcbecker Toolbox<\/em>, a training tool for mastering and improvement of practical skills in keyhole surgery. The training program consists of four modules and six exercises in hand-eye coordination, bimanual exercises and intracorporate suture. While doing his internship, Associate Professor Burmich took this training course and received a respective certificate.<\/p>\n<p>Serhii Zemskov, Associate Professor of the Department of General Surgery No.\u00a01 did internship in two clinics: the Surgery Clinic of the University Hospital Schleswig-Holstein (L\u00fcbeck, Germany) and the University Hospital of Heidelberg (Heidelberg, Germany).<\/p>\n<p>Over the course of his internship, Serhii Zemskov studied the innovative approaches in abdominal surgery and was directly involved in the following surgeries:<\/p>\n<p>&#8211; da Vinci robotic surgical system \u2013 assisted total mezorectumectomy due to rectum cancer;<\/p>\n<p>&#8211; Laparoscopic pancreato-duodenectomy;<\/p>\n<p>&#8211; Laparoscopic shaping of biliodigestive anastomosis;<\/p>\n<p>&#8211; Shaping of various kinds of pancreato-digestive anastomoses, pancreatojejunal anastomosis, duct-to-mucosa, invagination pancreatojejunal anastomosis, pancreatogastric anastomosis;<\/p>\n<p>&#8211; TEP hernia repair;<\/p>\n<p>&#8211; Hepatectomy (of the 5<sup>th<\/sup> segment, left-side hemihepatectomy) with parenchyma bipartition using the crush-and-clamp technique with LigaSure apparatus to treat cirrhosis;<\/p>\n<p>&#8211; Renal transplantation from a living donor: laparoscopic nephrectomy in the donor \u2013 treatment of the kidney with custodiol \u2013 open nephrectomy and kidney implantation to the recipient;<\/p>\n<p>&#8211; Intraabdominal intrasurgery radiation therapy using the HIPEC method in colorectal cancer.<\/p>\n<p>Besides, Associate Professor S.\u00a0Zemskov studied many aspects of post-surgery management of such patients, including in intensive care settings, and aspects of teaching surgery to students and young assistant doctors.<\/p>\n<p>The staff of the Department of General Surgery No.\u00a01 estimates their internship experience as very positive, underlining that it can be of great use in our surgeons\u2019 clinical work and optimize the results of comprehensive treatment of patients, and can be used for the Department\u2019s research and teaching purposes.<\/p>\n<p>&nbsp;<\/p>\n<p><img loading=\"lazy\" decoding=\"async\" class=\"alignnone size-full wp-image-86646\" src=\"\/wp-content\/uploads\/2020\/05\/MIZHNARODNE_Stranytsa_00.jpg\" alt=\"\" width=\"920\" height=\"1056\" \/><\/p>\n<p><img loading=\"lazy\" decoding=\"async\" class=\"alignnone size-full wp-image-86647\" src=\"\/wp-content\/uploads\/2020\/05\/MIZHNARODNE_Stranytsa_02.jpg\" alt=\"\" width=\"920\" height=\"913\" \/><\/p>\n<p>In June 2018, Professor O.\u00a0Dronov, Department Chairman, and Professor S.\u00a0Zemskov together with colleagues from the University Hospital Schleswig-Holstein presented a joint poster presentation Pancreas Club 2018 in Washington and did an internship in Allegheny General Hospital, Cancer Institute (Pittsburg, USA).<\/p>\n<p><img loading=\"lazy\" decoding=\"async\" class=\"alignnone size-full wp-image-86648\" src=\"\/wp-content\/uploads\/2020\/05\/MIZHNARODNE_Stranytsa_03.jpg\" alt=\"\" width=\"917\" height=\"992\" \/><\/p>\n<p><img loading=\"lazy\" decoding=\"async\" class=\"alignnone size-full wp-image-86649\" src=\"\/wp-content\/uploads\/2020\/05\/MIZHNARODNE_Stranytsa_05.jpg\" alt=\"\" width=\"920\" height=\"1306\" \/><\/p>\n<p><img loading=\"lazy\" decoding=\"async\" class=\"alignnone size-full wp-image-86650\" src=\"\/wp-content\/uploads\/2020\/05\/MIZHNARODNE_Stranytsa_06.jpg\" alt=\"\" width=\"920\" height=\"898\" \/><\/p>\n<p><img loading=\"lazy\" decoding=\"async\" class=\"alignnone size-full wp-image-86651\" src=\"\/wp-content\/uploads\/2020\/05\/Snymok.jpg\" alt=\"\" width=\"250\" height=\"333\" \/><\/p>\n<p>&nbsp;<\/p>\n<p>On September 4-5, 2019, the 20<sup>th<\/sup> World Congress of the International Society of Cryosurgery (ISC) was held in Haifa, Israel, where Professor O.\u00a0Dronov was elected Vice President of the International Society of Cryosurgery.<\/p>\n<p>The Department\u2019s Professor S.\u00a0Zemskov and Assistant Professor Ye.\u00a0Kozachuk delivered their reports at the Congress.<\/p>\n<p><img loading=\"lazy\" decoding=\"async\" class=\"alignnone size-full wp-image-86653\" src=\"\/wp-content\/uploads\/2020\/05\/Snymok1.jpg\" alt=\"\" width=\"404\" height=\"307\" \/><\/p>\n<p><img loading=\"lazy\" decoding=\"async\" class=\"alignnone size-full wp-image-86654\" src=\"\/wp-content\/uploads\/2020\/05\/MIZHNARODNE_Stranytsa_08.jpg\" alt=\"\" width=\"920\" height=\"1300\" \/><\/p>\n<p>20 September 2019 \u2013 Professor O.\u00a0Dronov\u2019s presentation at the International Congress of Oncosurgery.<\/p>\n<p><img loading=\"lazy\" decoding=\"async\" class=\"alignnone size-full wp-image-86655\" src=\"\/wp-content\/uploads\/2020\/05\/MIZHNARODNE_Stranytsa_09.jpg\" alt=\"\" width=\"920\" height=\"575\" \/><\/p>\n<p>Spring 2018 \u2013 Professor O.\u00a0Dronov and the Department staff participated in the International conference Hepato-Pancreato-Biliary Surgery.<\/p>\n<p><img loading=\"lazy\" decoding=\"async\" class=\"alignnone size-full wp-image-86704\" src=\"\/wp-content\/uploads\/2020\/05\/MIZHNARODNE_Stranytsa_10-1.jpg\" alt=\"\" width=\"920\" height=\"902\" \/><\/p>\n<p>4-6 April 2019 \u2013 Department\u2019s staff participated in the <strong>13<sup>th<\/sup> EDS Postgraduate Course 2019<\/strong>.<\/p>\n<p>&nbsp;<\/p>\n<p><img loading=\"lazy\" decoding=\"async\" class=\"alignnone size-full wp-image-86705\" src=\"\/wp-content\/uploads\/2020\/05\/MIZHNARODNE_Stranytsa_11-1.jpg\" alt=\"\" width=\"920\" height=\"570\" \/><\/p>\n<p>19-21 September 2018, Almaty \u2013 Professor I.\u00a0Nastashenko\u2019s and Assistant Professor Yu.\u00a0Bakunets\u2019 participation in the XXV International Congress \u201cAcute Issues of Hepato-Pancreato-Biliary Surgery\u201d.<\/p>\n<p><img loading=\"lazy\" decoding=\"async\" class=\"alignnone size-full wp-image-86706\" src=\"\/wp-content\/uploads\/2020\/05\/MIZHNARODNE_Stranytsa_12-1.jpg\" alt=\"\" width=\"920\" height=\"603\" \/><\/p>\n<p>23-25 January 2019, L\u00fcbeck \u2013 17<sup>th<\/sup> Three-Country Conference on Minimally Invasive Surgery (Germany, Switzerland, Austria) and a practical masterclass attended by Professor S.\u00a0Zemskov and Assistant Professors P.\u00a0Bakunets and Yu.\u00a0Bakunets.<\/p>\n<p><img loading=\"lazy\" decoding=\"async\" class=\"alignnone size-full wp-image-86707\" src=\"\/wp-content\/uploads\/2020\/05\/MIZHNARODNE_Stranytsa_12_1.jpg\" alt=\"\" width=\"920\" height=\"384\" \/><\/p>\n<p>In February 2019, the staff of the Department and the V.S.\u00a0Zemskov Kyiv Center for Surgery of the Liver, Biliary Ducts and Pancreas participated in the meeting of the Scientific Society of Kyiv and Kyiv region surgeons dedicated to the issues of pancreatic cancer on the occasion of academician Professor V.\u00a0Zemskov\u2019s 80<sup>th<\/sup> anniversary and Professor O.\u00a0Dronov\u2019s 60<sup>th<\/sup> anniversary.<\/p>\n<p><img loading=\"lazy\" decoding=\"async\" class=\"alignnone size-full wp-image-86709\" src=\"\/wp-content\/uploads\/2020\/05\/MIZHNARODNE_Stranytsa_13.jpg\" alt=\"\" width=\"920\" height=\"356\" \/><\/p>\n<p>Professor O.\u00a0Dronov\u2019s and Professor S.\u00a0Zemskov\u2019s reports.<\/p>\n<p>&nbsp;<\/p>\n<p>Participation in international educational, research and treatment projects<\/p>\n<p><img loading=\"lazy\" decoding=\"async\" class=\"alignnone size-full wp-image-86710\" src=\"\/wp-content\/uploads\/2020\/05\/MIZHNARODNE_Stranytsa_14.jpg\" alt=\"\" width=\"920\" height=\"516\" \/><\/p>\n<p>On 24-25 October 2019, International research-to-practice conference \u201cModern Approaches in the Oncological Pancreatic Surgery\u201d was organized by Bogomolets National Medical University, Department of General Surgery No.\u00a011, Kyiv Center for Surgery of the Liver, Biliary Ducts and Pancreas, Schleswig-Holstein University Clinic (Campus L\u00fcbeck), Germany.<\/p>\n<p><img loading=\"lazy\" decoding=\"async\" class=\"alignnone size-full wp-image-86711\" src=\"\/wp-content\/uploads\/2020\/05\/MIZHNARODNE_Stranytsa_14_1.jpg\" alt=\"\" width=\"920\" height=\"450\" \/><\/p>\n<p><img loading=\"lazy\" decoding=\"async\" class=\"alignnone size-full wp-image-86784\" src=\"\/wp-content\/uploads\/2020\/05\/MIZHNARODNE_Stranytsa_15.jpg\" alt=\"\" width=\"920\" height=\"620\" \/> <img loading=\"lazy\" decoding=\"async\" class=\"alignnone size-medium wp-image-86785\" src=\"\/wp-content\/uploads\/2020\/05\/MIZHNARODNE_Stranytsa_16.jpg\" alt=\"\" width=\"920\" height=\"889\" \/> <img loading=\"lazy\" decoding=\"async\" class=\"alignnone size-medium wp-image-86786\" src=\"\/wp-content\/uploads\/2020\/05\/MIZHNARODNE_Stranytsa_17.jpg\" alt=\"\" width=\"920\" height=\"812\" \/><\/p>\n<p>Foreign resident doctors, foreign PhD students<\/p>\n<p>Residents: Gogo Abithe Awofaa, Nigeria, Iheanacho Chukwuebuka Victor, Nigeria, Barbara Hoffmann, Germany, Al-Tai Omar, M. Hamud, Iraq, Sardar Almietov, Kazakhstan, and master Lu Wueven, China.<\/p>\n<p><img loading=\"lazy\" decoding=\"async\" class=\"alignnone size-full wp-image-86788\" src=\"\/wp-content\/uploads\/2020\/05\/MIZHNARODNE_Stranytsa_18.jpg\" alt=\"\" width=\"920\" height=\"528\" \/><\/p>\n<p style=\"text-align: center;\"><em><strong>Professor O.\u00a0Dronov, Chairman of the Department of General Surgery No.1, and clinical resident doctor Sardar Almietov (Kazakhstan) attending the Research-to-Practice Conference \u201cHepato-Pancreato-Biliary Surgery\u201d, 2018.<\/strong><\/em><\/p>\n<p>&nbsp;<\/p>\n<p>In 2019, the Department of General Surgery No.\u00a01 of Bogomolets National Medical University welcomed students from all over the world.<\/p>\n<p>5<sup>th<\/sup>-year student Giuseppe Pandolfo (Universit\u00e0 degli Studi di Messina, Italy), 4<sup>th<\/sup>-year student Pamela Moralez (Universidad Autonoma de Ciudad Juarez, Mexico), and 5<sup>th<\/sup>-year student Dogan Ozen (Ufuc University School of Medicine, Turkey) did internship on the basis of the Department of General Surgery No.\u00a01 (Kyiv City Clinical Hospital No.\u00a010) under the IFMSA (International Federation of Medical Students\u2019 Associations) international student exchange program.<\/p>\n<p>The student\u2019s internship in general surgery under the supervision of O.\u00a0Dronov, Chairman of the Department of General Surgery No.\u00a01, enabled the students the to study the peculiarities of a surgical hospital management, minimally invasive diagnostics and treatment methods administered in patients with various abdominal cavity organ diseases, in particular, diseases of the hepato-pancreato-biliary area organs (photo 1).<\/p>\n<p style=\"text-align: center;\"><img loading=\"lazy\" decoding=\"async\" class=\"alignnone size-full wp-image-86789\" src=\"\/wp-content\/uploads\/2020\/05\/MIZHNARODNE_Stranytsa_19.jpg\" alt=\"\" width=\"794\" height=\"546\" \/><\/p>\n<p style=\"text-align: center;\"><em><strong>Photo<\/strong><\/em><em><strong> 1. <\/strong><\/em><strong><em>O.I.\u00a0Dronov, Chairman of the Department of General Surgery No.\u00a01, and Pamela Morales (Universidad<\/em><\/strong> <strong><em>Autonoma de<\/em><\/strong> <strong><em>Ciudad<\/em><\/strong> <strong><em>Juarez<\/em><\/strong><strong><em>, <\/em><\/strong><strong><em>Mexico<\/em><\/strong><strong><em>)<\/em><\/strong><strong><em>, 4<sup>th<\/sup>-year student<\/em><\/strong><\/p>\n<p>&nbsp;<\/p>\n<p>The students took active part in daily medical meetings, postmortem conferences, discussions of interesting clinical cases and diagnostic and treatment tactics, and had the opportunity to assist in surgical procedures (photos 2, 3, 4).<\/p>\n<p><img loading=\"lazy\" decoding=\"async\" class=\"alignnone size-full wp-image-86791\" src=\"\/wp-content\/uploads\/2020\/05\/MIZHNARODNE_Stranytsa_20.jpg\" alt=\"\" width=\"794\" height=\"442\" \/><\/p>\n<p style=\"text-align: center;\"><strong><em>Photo 2. O.\u00a0Dronov, Chairman of the Department of General Surgery No.\u00a01, and Giuseppe Pandolfo (Universit\u00e0 degli Studi di Messina, Italy), 5<sup>th<\/sup>-year student<\/em><\/strong><\/p>\n<p><img loading=\"lazy\" decoding=\"async\" class=\"alignnone size-full wp-image-86792\" src=\"\/wp-content\/uploads\/2020\/05\/MIZHNARODNE_Stranytsa_20_1.jpg\" alt=\"\" width=\"794\" height=\"549\" \/><\/p>\n<p style=\"text-align: center;\"><strong><em>Photo 3. O.\u00a0Dronov, Chairman of the Department of General Surgery No.\u00a01, and Pamela Mor\u00e1lez (Universidad Aut\u00f3noma de Ciudad Ju\u00e1rez, M\u00e9xico), 4<sup>th<\/sup>-year student<\/em><\/strong><\/p>\n<p>&nbsp;<\/p>\n<p><img loading=\"lazy\" decoding=\"async\" class=\"alignnone size-full wp-image-86797\" src=\"\/wp-content\/uploads\/2020\/05\/MIZHNARODNE_Stranytsa_21_1.jpg\" alt=\"\" width=\"920\" height=\"560\" \/><\/p>\n<p style=\"text-align: center;\"><strong><em>Photo<\/em><\/strong><strong><em> 4. <\/em><\/strong><strong><em>O.\u00a0Dronov, Chairman of the Department of General Surgery No.\u00a01, and Dogan Ozen <\/em><\/strong><strong><em>(<\/em><\/strong><strong><em>Ufuc<\/em><\/strong> <strong><em>University<\/em><\/strong> <strong><em>School<\/em><\/strong> <strong><em>of<\/em><\/strong> <strong><em>Medicine<\/em><\/strong><strong><em>, <\/em><\/strong><strong><em>Turkey<\/em><\/strong><strong><em>)<\/em><\/strong><strong><em>, 5<sup>th<\/sup>-year student<\/em><\/strong><\/p>\n<p>&nbsp;<\/p>\n<p>Besides, the 5<sup>th<\/sup>-year student Giuseppe Pandolfo improved his research and practical skills by participating in the conference and masterclass \u201cModern Approaches in the Oncological Pancreatic Surgery\u201d organized by the Department of General Surgery No.\u00a01 (photos 5, 6).<\/p>\n<p><img loading=\"lazy\" decoding=\"async\" class=\"alignnone size-full wp-image-86795\" src=\"\/wp-content\/uploads\/2020\/05\/MIZHNARODNE_Stranytsa_22.jpg\" alt=\"\" width=\"920\" height=\"807\" \/><\/p>\n<p style=\"text-align: center;\"><strong><em>Photo 5. Giuseppe Pandolfo and Assistant Professors Yu.\u00a0Bakunets and P.\u00a0Bakunets<\/em><\/strong><\/p>\n<p><img loading=\"lazy\" decoding=\"async\" class=\"alignnone size-full wp-image-86799\" src=\"\/wp-content\/uploads\/2020\/05\/MIZHNARODNE_Stranytsa_23.jpg\" alt=\"\" width=\"794\" height=\"576\" \/><\/p>\n<p style=\"text-align: center;\"><em><strong>Photo<\/strong><\/em><em><strong> 6. <\/strong><\/em><strong><em>O.\u00a0Dronov, Chairman of the Department of General Surgery No.\u00a01, and Giuseppe Pandolfo. Conference \u201cModern Approaches in Oncological Surgery of Pancreas\u201d<\/em><\/strong><\/p>\n<p>&nbsp;<\/p>\n<p>Summing up their internship results, the students underlined that they gained a very positive ad valuable experience, which will doubtless facilitate their further studies and professional development.<\/p>\n<p>&nbsp;<\/p>","protected":false},"excerpt":{"rendered":"<p>&nbsp; Staff in charge \u2013 Serhii Zemskov, Professor, DMSc, +38\u00a0095\u00a0285\u00a070\u00a000, szemskov@yahoo.com \u00a0 In 2013, the Department began academic cooperation with the clinics of Technical University of Munich within the framework of the Interuniversity Academic Cooperation international project. The project aims include: clinical experience exchange (teleconferences, clinical discussions, bilateral internships); academic experience exchange (lectures and telelectures [&hellip;]<\/p>\n","protected":false},"author":20,"featured_media":0,"parent":10249,"menu_order":80,"comment_status":"closed","ping_status":"closed","template":"","meta":{"inline_featured_image":false,"footnotes":""},"class_list":["post-10258","page","type-page","status-publish","hentry"],"_links":{"self":[{"href":"https:\/\/nmuofficial.com\/en\/wp-json\/wp\/v2\/pages\/10258","targetHints":{"allow":["GET"]}}],"collection":[{"href":"https:\/\/nmuofficial.com\/en\/wp-json\/wp\/v2\/pages"}],"about":[{"href":"https:\/\/nmuofficial.com\/en\/wp-json\/wp\/v2\/types\/page"}],"author":[{"embeddable":true,"href":"https:\/\/nmuofficial.com\/en\/wp-json\/wp\/v2\/users\/20"}],"replies":[{"embeddable":true,"href":"https:\/\/nmuofficial.com\/en\/wp-json\/wp\/v2\/comments?post=10258"}],"version-history":[{"count":1,"href":"https:\/\/nmuofficial.com\/en\/wp-json\/wp\/v2\/pages\/10258\/revisions"}],"predecessor-version":[{"id":219181,"href":"https:\/\/nmuofficial.com\/en\/wp-json\/wp\/v2\/pages\/10258\/revisions\/219181"}],"up":[{"embeddable":true,"href":"https:\/\/nmuofficial.com\/en\/wp-json\/wp\/v2\/pages\/10249"}],"wp:attachment":[{"href":"https:\/\/nmuofficial.com\/en\/wp-json\/wp\/v2\/media?parent=10258"}],"curies":[{"name":"wp","href":"https:\/\/api.w.org\/{rel}","templated":true}]}}